{"id":608,"date":"2018-01-29T14:30:55","date_gmt":"2018-01-29T14:30:55","guid":{"rendered":"http:\/\/maaru.fr\/?page_id=608"},"modified":"2020-01-29T11:04:06","modified_gmt":"2020-01-29T11:04:06","slug":"le-book","status":"publish","type":"page","link":"https:\/\/maaru.fr\/?page_id=608","title":{"rendered":"le book"},"content":{"rendered":"<p><img loading=\"lazy\" decoding=\"async\" class=\"alignnone size-full wp-image-982\" src=\"http:\/\/maaru.fr\/wp-content\/uploads\/2020\/01\/Couverture-de-MAARU-Book-2010-01-10-web-cadre-gris-scaled.jpg\" alt=\"\" width=\"2338\" height=\"2560\" srcset=\"https:\/\/maaru.fr\/wp-content\/uploads\/2020\/01\/Couverture-de-MAARU-Book-2010-01-10-web-cadre-gris-scaled.jpg 2338w, https:\/\/maaru.fr\/wp-content\/uploads\/2020\/01\/Couverture-de-MAARU-Book-2010-01-10-web-cadre-gris-274x300.jpg 274w, https:\/\/maaru.fr\/wp-content\/uploads\/2020\/01\/Couverture-de-MAARU-Book-2010-01-10-web-cadre-gris-935x1024.jpg 935w, https:\/\/maaru.fr\/wp-content\/uploads\/2020\/01\/Couverture-de-MAARU-Book-2010-01-10-web-cadre-gris-768x841.jpg 768w, https:\/\/maaru.fr\/wp-content\/uploads\/2020\/01\/Couverture-de-MAARU-Book-2010-01-10-web-cadre-gris-1403x1536.jpg 1403w, https:\/\/maaru.fr\/wp-content\/uploads\/2020\/01\/Couverture-de-MAARU-Book-2010-01-10-web-cadre-gris-1870x2048.jpg 1870w\" sizes=\"auto, (max-width: 2338px) 100vw, 2338px\" \/><\/p>\n<p>Pour une lecture \u00e0 l&rsquo;\u00e9cran, c&rsquo;est <a href=\"http:\/\/maaru.fr\/wp-content\/uploads\/2020\/01\/MAARU-Book-2010-01-29-planches-sRVB-OPT.pdf\"><strong>ici<\/strong><\/a>.<\/p>\n<p>Pour imprimer, c&rsquo;est <a href=\"http:\/\/maaru.fr\/wp-content\/uploads\/2020\/01\/MAARU-Book-2010-01-29-sRVB-OPT.pdf\" target=\"_blank\" rel=\"noopener noreferrer\"><strong>l\u00e0<\/strong><\/a>.<\/p>\n\n\n<p><\/p>\n","protected":false},"excerpt":{"rendered":"<p>Pour une lecture \u00e0 l&rsquo;\u00e9cran, c&rsquo;est ici. Pour imprimer, c&rsquo;est l\u00e0.<\/p>\n","protected":false},"author":1,"featured_media":0,"parent":0,"menu_order":0,"comment_status":"closed","ping_status":"closed","template":"","meta":{"footnotes":""},"class_list":["post-608","page","type-page","status-publish","hentry"],"_links":{"self":[{"href":"https:\/\/maaru.fr\/index.php?rest_route=\/wp\/v2\/pages\/608","targetHints":{"allow":["GET"]}}],"collection":[{"href":"https:\/\/maaru.fr\/index.php?rest_route=\/wp\/v2\/pages"}],"about":[{"href":"https:\/\/maaru.fr\/index.php?rest_route=\/wp\/v2\/types\/page"}],"author":[{"embeddable":true,"href":"https:\/\/maaru.fr\/index.php?rest_route=\/wp\/v2\/users\/1"}],"replies":[{"embeddable":true,"href":"https:\/\/maaru.fr\/index.php?rest_route=%2Fwp%2Fv2%2Fcomments&post=608"}],"version-history":[{"count":18,"href":"https:\/\/maaru.fr\/index.php?rest_route=\/wp\/v2\/pages\/608\/revisions"}],"predecessor-version":[{"id":1055,"href":"https:\/\/maaru.fr\/index.php?rest_route=\/wp\/v2\/pages\/608\/revisions\/1055"}],"wp:attachment":[{"href":"https:\/\/maaru.fr\/index.php?rest_route=%2Fwp%2Fv2%2Fmedia&parent=608"}],"curies":[{"name":"wp","href":"https:\/\/api.w.org\/{rel}","templated":true}]}}