{"id":522,"date":"2017-08-28T14:22:43","date_gmt":"2017-08-28T14:22:43","guid":{"rendered":"http:\/\/maaru.fr\/?page_id=522"},"modified":"2023-06-19T20:06:47","modified_gmt":"2023-06-19T20:06:47","slug":"place-lenine","status":"publish","type":"page","link":"https:\/\/maaru.fr\/?page_id=522","title":{"rendered":"Champigny : place L\u00e9nine"},"content":{"rendered":"<h5><style id=\"bwg-style-0\">    #bwg_container1_0 #bwg_container2_0 .bwg-container-0.bwg-standard-thumbnails {      width: 1254px;              justify-content: center;        margin:0 auto !important;              background-color: rgba(255, 255, 255, 0.00);            padding-left: 4px;      padding-top: 4px;      max-width: 100%;            }        #bwg_container1_0 #bwg_container2_0 .bwg-container-0.bwg-standard-thumbnails .bwg-item {    justify-content: flex-start;      max-width: 250px;          }    #bwg_container1_0 #bwg_container2_0 .bwg-container-0.bwg-standard-thumbnails .bwg-item a {       margin-right: 4px;       margin-bottom: 4px;    }    #bwg_container1_0 #bwg_container2_0 .bwg-container-0.bwg-standard-thumbnails .bwg-item0 {      padding: 0px;            background-color:rgba(0,0,0, 0.30);      border: 0px none #CCCCCC;      opacity: 1.00;      border-radius: 0;      box-shadow: ;    }    #bwg_container1_0 #bwg_container2_0 .bwg-container-0.bwg-standard-thumbnails .bwg-item1 img {      max-height: none;      max-width: none;      padding: 0 !important;    }         @media only screen and (min-width: 480px) {\t\t#bwg_container1_0 #bwg_container2_0 .bwg-container-0.bwg-standard-thumbnails .bwg-item1 img {\t\t\t-webkit-transition: all .3s; transition: all .3s;\t\t}\t\t#bwg_container1_0 #bwg_container2_0 .bwg-container-0.bwg-standard-thumbnails .bwg-item1 img:hover {\t\t\t-ms-transform: scale(1.08);\t\t\t-webkit-transform: scale(1.08);\t\t\ttransform: scale(1.08);\t\t}\t\t\t\t.bwg-standard-thumbnails .bwg-zoom-effect .bwg-zoom-effect-overlay {\t\t\t\t\t\tbackground-color:rgba(0,0,0, 0.3);\t\t}\t\t.bwg-standard-thumbnails .bwg-zoom-effect:hover img {\t\t\t-ms-transform: scale(1.08);\t\t\t-webkit-transform: scale(1.08);\t\t\ttransform: scale(1.08);\t\t}\t\t      }\t    #bwg_container1_0 #bwg_container2_0 .bwg-container-0.bwg-standard-thumbnails .bwg-item1 {      padding-top: 56%;    }        #bwg_container1_0 #bwg_container2_0 .bwg-container-0.bwg-standard-thumbnails .bwg-title1 {      position: absolute;      top: 0;      z-index: 100;      width: 100%;      height: 100%;      display: flex;      justify-content: center;      align-content: center;      flex-direction: column;      opacity: 0;    }\t      #bwg_container1_0 #bwg_container2_0 .bwg-container-0.bwg-standard-thumbnails .bwg-title2,    #bwg_container1_0 #bwg_container2_0 .bwg-container-0.bwg-standard-thumbnails .bwg-ecommerce2 {      color: #FFFFFF;      font-family: Ubuntu;      font-size: 16px;      font-weight: bold;      padding: 2px;      text-shadow: ;      max-height: 100%;    }    #bwg_container1_0 #bwg_container2_0 .bwg-container-0.bwg-standard-thumbnails .bwg-thumb-description span {    color: #323A45;    font-family: Ubuntu;    font-size: 12px;    max-height: 100%;    word-wrap: break-word;    }    #bwg_container1_0 #bwg_container2_0 .bwg-container-0.bwg-standard-thumbnails .bwg-play-icon2 {      font-size: 32px;    }    #bwg_container1_0 #bwg_container2_0 .bwg-container-0.bwg-standard-thumbnails .bwg-ecommerce2 {      font-size: 19.2px;      color: #323A45;    }    <\/style>    <div id=\"bwg_container1_0\"         class=\"bwg_container bwg_thumbnail bwg_thumbnails \"         data-right-click-protection=\"0\"         data-bwg=\"0\"         data-scroll=\"0\"         data-gallery-type=\"thumbnails\"         data-gallery-view-type=\"thumbnails\"         data-current-url=\"\/index.php?rest_route=%2Fwp%2Fv2%2Fpages%2F522\"         data-lightbox-url=\"https:\/\/maaru.fr\/wp-admin\/admin-ajax.php?action=GalleryBox&#038;current_view=0&#038;gallery_id=20&#038;tag=0&#038;theme_id=1&#038;shortcode_id=46&#038;sort_by=order&#038;order_by=asc&#038;current_url=%2Findex.php%3Frest_route%3D%252Fwp%252Fv2%252Fpages%252F522\"         data-gallery-id=\"20\"         data-popup-width=\"800\"         data-popup-height=\"500\"         data-is-album=\"gallery\"         data-buttons-position=\"bottom\">      <div id=\"bwg_container2_0\">             <div id=\"ajax_loading_0\" class=\"bwg_loading_div_1\">      <div class=\"bwg_loading_div_2\">        <div class=\"bwg_loading_div_3\">          <div id=\"loading_div_0\" class=\"bwg_spider_ajax_loading\">          <\/div>        <\/div>      <\/div>    <\/div>            <form id=\"gal_front_form_0\"              class=\"bwg-hidden\"              method=\"post\"              action=\"#\"              data-current=\"0\"              data-shortcode-id=\"46\"              data-gallery-type=\"thumbnails\"              data-gallery-id=\"20\"              data-tag=\"0\"              data-album-id=\"0\"              data-theme-id=\"1\"              data-ajax-url=\"https:\/\/maaru.fr\/wp-admin\/admin-ajax.php?action=bwg_frontend_data\">          <div id=\"bwg_container3_0\" class=\"bwg-background bwg-background-0\">                <div data-max-count=\"5\"         data-thumbnail-width=\"250\"         data-bwg=\"0\"         data-gallery-id=\"20\"         data-lightbox-url=\"https:\/\/maaru.fr\/wp-admin\/admin-ajax.php?action=GalleryBox&amp;current_view=0&amp;gallery_id=20&amp;tag=0&amp;theme_id=1&amp;shortcode_id=46&amp;sort_by=order&amp;order_by=asc&amp;current_url=%2Findex.php%3Frest_route%3D%252Fwp%252Fv2%252Fpages%252F522\"         id=\"bwg_thumbnails_0\"         class=\"bwg-container-0 bwg-thumbnails bwg-standard-thumbnails bwg-container bwg-border-box\">            <div class=\"bwg-item\">        <a class=\"bwg-a  bwg_lightbox\"  data-image-id=\"287\" href=\"https:\/\/maaru.fr\/wp-content\/uploads\/photo-gallery\/LEN_01_web_3.jpg?bwg=1580124915\" data-elementor-open-lightbox=\"no\">                <div class=\"bwg-item0 \">          <div class=\"bwg-item1 bwg-zoom-effect\">            <div class=\"bwg-item2\">              <img decoding=\"async\" class=\"skip-lazy bwg_standart_thumb_img_0 \"                   data-id=\"287\"                   data-width=\"500\"                   data-height=\"500\"                   data-src=\"https:\/\/maaru.fr\/wp-content\/uploads\/photo-gallery\/thumb\/LEN_01_web_3.jpg?bwg=1580124915\"                   src=\"https:\/\/maaru.fr\/wp-content\/uploads\/photo-gallery\/thumb\/LEN_01_web_3.jpg?bwg=1580124915\"                   alt=\"\"                   title=\"\" \/>            <\/div>            <div class=\"bwg-zoom-effect-overlay\">              <div class=\"bwg-title1\"><div class=\"bwg-title2\">&nbsp;<\/div><\/div>                                        <\/div>          <\/div>        <\/div>                        <\/a>              <\/div>            <div class=\"bwg-item\">        <a class=\"bwg-a  bwg_lightbox\"  data-image-id=\"279\" href=\"https:\/\/maaru.fr\/wp-content\/uploads\/photo-gallery\/PL2-3D-Ph4-Book_carr\u00e9_web_3.jpg?bwg=1580124914\" data-elementor-open-lightbox=\"no\">                <div class=\"bwg-item0 \">          <div class=\"bwg-item1 bwg-zoom-effect\">            <div class=\"bwg-item2\">              <img decoding=\"async\" class=\"skip-lazy bwg_standart_thumb_img_0 \"                   data-id=\"279\"                   data-width=\"500\"                   data-height=\"500\"                   data-src=\"https:\/\/maaru.fr\/wp-content\/uploads\/photo-gallery\/thumb\/PL2-3D-Ph4-Book_carr\u00e9_web_3.jpg?bwg=1580124914\"                   src=\"https:\/\/maaru.fr\/wp-content\/uploads\/photo-gallery\/thumb\/PL2-3D-Ph4-Book_carr\u00e9_web_3.jpg?bwg=1580124914\"                   alt=\"\"                   title=\"\" \/>            <\/div>            <div class=\"bwg-zoom-effect-overlay\">              <div class=\"bwg-title1\"><div class=\"bwg-title2\">&nbsp;<\/div><\/div>                                        <\/div>          <\/div>        <\/div>                        <\/a>              <\/div>            <div class=\"bwg-item\">        <a class=\"bwg-a  bwg_lightbox\"  data-image-id=\"286\" href=\"https:\/\/maaru.fr\/wp-content\/uploads\/photo-gallery\/LEN_02_web_3.jpg?bwg=1580124915\" data-elementor-open-lightbox=\"no\">                <div class=\"bwg-item0 \">          <div class=\"bwg-item1 bwg-zoom-effect\">            <div class=\"bwg-item2\">              <img decoding=\"async\" class=\"skip-lazy bwg_standart_thumb_img_0 \"                   data-id=\"286\"                   data-width=\"500\"                   data-height=\"333\"                   data-src=\"https:\/\/maaru.fr\/wp-content\/uploads\/photo-gallery\/thumb\/LEN_02_web_3.jpg?bwg=1580124915\"                   src=\"https:\/\/maaru.fr\/wp-content\/uploads\/photo-gallery\/thumb\/LEN_02_web_3.jpg?bwg=1580124915\"                   alt=\"\"                   title=\"\" \/>            <\/div>            <div class=\"bwg-zoom-effect-overlay\">              <div class=\"bwg-title1\"><div class=\"bwg-title2\">&nbsp;<\/div><\/div>                                        <\/div>          <\/div>        <\/div>                        <\/a>              <\/div>            <div class=\"bwg-item\">        <a class=\"bwg-a  bwg_lightbox\"  data-image-id=\"285\" href=\"https:\/\/maaru.fr\/wp-content\/uploads\/photo-gallery\/LEN_03_web_3.jpg?bwg=1580124915\" data-elementor-open-lightbox=\"no\">                <div class=\"bwg-item0 \">          <div class=\"bwg-item1 bwg-zoom-effect\">            <div class=\"bwg-item2\">              <img decoding=\"async\" class=\"skip-lazy bwg_standart_thumb_img_0 \"                   data-id=\"285\"                   data-width=\"500\"                   data-height=\"333\"                   data-src=\"https:\/\/maaru.fr\/wp-content\/uploads\/photo-gallery\/thumb\/LEN_03_web_3.jpg?bwg=1580124915\"                   src=\"https:\/\/maaru.fr\/wp-content\/uploads\/photo-gallery\/thumb\/LEN_03_web_3.jpg?bwg=1580124915\"                   alt=\"\"                   title=\"\" \/>            <\/div>            <div class=\"bwg-zoom-effect-overlay\">              <div class=\"bwg-title1\"><div class=\"bwg-title2\">&nbsp;<\/div><\/div>                                        <\/div>          <\/div>        <\/div>                        <\/a>              <\/div>            <div class=\"bwg-item\">        <a class=\"bwg-a  bwg_lightbox\"  data-image-id=\"288\" href=\"https:\/\/maaru.fr\/wp-content\/uploads\/photo-gallery\/LEN_04_web_3.jpg?bwg=1580124915\" data-elementor-open-lightbox=\"no\">                <div class=\"bwg-item0 \">          <div class=\"bwg-item1 bwg-zoom-effect\">            <div class=\"bwg-item2\">              <img decoding=\"async\" class=\"skip-lazy bwg_standart_thumb_img_0 \"                   data-id=\"288\"                   data-width=\"500\"                   data-height=\"333\"                   data-src=\"https:\/\/maaru.fr\/wp-content\/uploads\/photo-gallery\/thumb\/LEN_04_web_3.jpg?bwg=1580124915\"                   src=\"https:\/\/maaru.fr\/wp-content\/uploads\/photo-gallery\/thumb\/LEN_04_web_3.jpg?bwg=1580124915\"                   alt=\"\"                   title=\"\" \/>            <\/div>            <div class=\"bwg-zoom-effect-overlay\">              <div class=\"bwg-title1\"><div class=\"bwg-title2\">&nbsp;<\/div><\/div>                                        <\/div>          <\/div>        <\/div>                        <\/a>              <\/div>            <div class=\"bwg-item\">        <a class=\"bwg-a  bwg_lightbox\"  data-image-id=\"284\" href=\"https:\/\/maaru.fr\/wp-content\/uploads\/photo-gallery\/LEN_07_web_3.jpg?bwg=1580124914\" data-elementor-open-lightbox=\"no\">                <div class=\"bwg-item0 \">          <div class=\"bwg-item1 bwg-zoom-effect\">            <div class=\"bwg-item2\">              <img decoding=\"async\" class=\"skip-lazy bwg_standart_thumb_img_0 \"                   data-id=\"284\"                   data-width=\"500\"                   data-height=\"333\"                   data-src=\"https:\/\/maaru.fr\/wp-content\/uploads\/photo-gallery\/thumb\/LEN_07_web_3.jpg?bwg=1580124914\"                   src=\"https:\/\/maaru.fr\/wp-content\/uploads\/photo-gallery\/thumb\/LEN_07_web_3.jpg?bwg=1580124914\"                   alt=\"\"                   title=\"\" \/>            <\/div>            <div class=\"bwg-zoom-effect-overlay\">              <div class=\"bwg-title1\"><div class=\"bwg-title2\">&nbsp;<\/div><\/div>                                        <\/div>          <\/div>        <\/div>                        <\/a>              <\/div>            <div class=\"bwg-item\">        <a class=\"bwg-a  bwg_lightbox\"  data-image-id=\"280\" href=\"https:\/\/maaru.fr\/wp-content\/uploads\/photo-gallery\/LEN_05_web_3.jpg?bwg=1580124914\" data-elementor-open-lightbox=\"no\">                <div class=\"bwg-item0 \">          <div class=\"bwg-item1 bwg-zoom-effect\">            <div class=\"bwg-item2\">              <img decoding=\"async\" class=\"skip-lazy bwg_standart_thumb_img_0 \"                   data-id=\"280\"                   data-width=\"500\"                   data-height=\"333\"                   data-src=\"https:\/\/maaru.fr\/wp-content\/uploads\/photo-gallery\/thumb\/LEN_05_web_3.jpg?bwg=1580124914\"                   src=\"https:\/\/maaru.fr\/wp-content\/uploads\/photo-gallery\/thumb\/LEN_05_web_3.jpg?bwg=1580124914\"                   alt=\"\"                   title=\"\" \/>            <\/div>            <div class=\"bwg-zoom-effect-overlay\">              <div class=\"bwg-title1\"><div class=\"bwg-title2\">&nbsp;<\/div><\/div>                                        <\/div>          <\/div>        <\/div>                        <\/a>              <\/div>            <div class=\"bwg-item\">        <a class=\"bwg-a  bwg_lightbox\"  data-image-id=\"283\" href=\"https:\/\/maaru.fr\/wp-content\/uploads\/photo-gallery\/LEN_08_web_3.jpg?bwg=1580124914\" data-elementor-open-lightbox=\"no\">                <div class=\"bwg-item0 \">          <div class=\"bwg-item1 bwg-zoom-effect\">            <div class=\"bwg-item2\">              <img decoding=\"async\" class=\"skip-lazy bwg_standart_thumb_img_0 \"                   data-id=\"283\"                   data-width=\"500\"                   data-height=\"333\"                   data-src=\"https:\/\/maaru.fr\/wp-content\/uploads\/photo-gallery\/thumb\/LEN_08_web_3.jpg?bwg=1580124914\"                   src=\"https:\/\/maaru.fr\/wp-content\/uploads\/photo-gallery\/thumb\/LEN_08_web_3.jpg?bwg=1580124914\"                   alt=\"\"                   title=\"\" \/>            <\/div>            <div class=\"bwg-zoom-effect-overlay\">              <div class=\"bwg-title1\"><div class=\"bwg-title2\">&nbsp;<\/div><\/div>                                        <\/div>          <\/div>        <\/div>                        <\/a>              <\/div>            <div class=\"bwg-item\">        <a class=\"bwg-a  bwg_lightbox\"  data-image-id=\"281\" href=\"https:\/\/maaru.fr\/wp-content\/uploads\/photo-gallery\/LEN_06_web_3.jpg?bwg=1580124914\" data-elementor-open-lightbox=\"no\">                <div class=\"bwg-item0 \">          <div class=\"bwg-item1 bwg-zoom-effect\">            <div class=\"bwg-item2\">              <img decoding=\"async\" class=\"skip-lazy bwg_standart_thumb_img_0 \"                   data-id=\"281\"                   data-width=\"500\"                   data-height=\"333\"                   data-src=\"https:\/\/maaru.fr\/wp-content\/uploads\/photo-gallery\/thumb\/LEN_06_web_3.jpg?bwg=1580124914\"                   src=\"https:\/\/maaru.fr\/wp-content\/uploads\/photo-gallery\/thumb\/LEN_06_web_3.jpg?bwg=1580124914\"                   alt=\"\"                   title=\"\" \/>            <\/div>            <div class=\"bwg-zoom-effect-overlay\">              <div class=\"bwg-title1\"><div class=\"bwg-title2\">&nbsp;<\/div><\/div>                                        <\/div>          <\/div>        <\/div>                        <\/a>              <\/div>            <div class=\"bwg-item\">        <a class=\"bwg-a  bwg_lightbox\"  data-image-id=\"282\" href=\"https:\/\/maaru.fr\/wp-content\/uploads\/photo-gallery\/LEN_09_web_3.jpg?bwg=1580124914\" data-elementor-open-lightbox=\"no\">                <div class=\"bwg-item0 \">          <div class=\"bwg-item1 bwg-zoom-effect\">            <div class=\"bwg-item2\">              <img decoding=\"async\" class=\"skip-lazy bwg_standart_thumb_img_0 \"                   data-id=\"282\"                   data-width=\"500\"                   data-height=\"333\"                   data-src=\"https:\/\/maaru.fr\/wp-content\/uploads\/photo-gallery\/thumb\/LEN_09_web_3.jpg?bwg=1580124914\"                   src=\"https:\/\/maaru.fr\/wp-content\/uploads\/photo-gallery\/thumb\/LEN_09_web_3.jpg?bwg=1580124914\"                   alt=\"\"                   title=\"\" \/>            <\/div>            <div class=\"bwg-zoom-effect-overlay\">              <div class=\"bwg-title1\"><div class=\"bwg-title2\">&nbsp;<\/div><\/div>                                        <\/div>          <\/div>        <\/div>                        <\/a>              <\/div>          <\/div>    <style>      \/*pagination styles*\/      #bwg_container1_0 #bwg_container2_0 .tablenav-pages_0 {\t\t\t\ttext-align: center;\t\t\t\tfont-size: 12px;\t\t\t\tfont-family: Ubuntu;\t\t\t\tfont-weight: bold;\t\t\t\tcolor: #666666;\t\t\t\tmargin: 6px 0 4px;\t\t\t\tdisplay: block;      }      @media only screen and (max-width : 320px) {      #bwg_container1_0 #bwg_container2_0 .displaying-num_0 {     \t display: none;      }      }      #bwg_container1_0 #bwg_container2_0 .displaying-num_0 {\t\t\t\tfont-size: 12px;\t\t\t\tfont-family: Ubuntu;\t\t\t\tfont-weight: bold;\t\t\t\tcolor: #666666;\t\t\t\tmargin-right: 10px;\t\t\t\tvertical-align: middle;      }      #bwg_container1_0 #bwg_container2_0 .paging-input_0 {\t\t\t\tfont-size: 12px;\t\t\t\tfont-family: Ubuntu;\t\t\t\tfont-weight: bold;\t\t\t\tcolor: #666666;\t\t\t\tvertical-align: middle;      }      #bwg_container1_0 #bwg_container2_0 .tablenav-pages_0 a.disabled,      #bwg_container1_0 #bwg_container2_0 .tablenav-pages_0 a.disabled:hover,      #bwg_container1_0 #bwg_container2_0 .tablenav-pages_0 a.disabled:focus,\t\t\t#bwg_container1_0 #bwg_container2_0 .tablenav-pages_0 input.bwg_current_page {\t\t\t\tcursor: default;\t\t\t\tcolor: rgba(102, 102, 102, 0.5);      }      #bwg_container1_0 #bwg_container2_0 .tablenav-pages_0 a,      #bwg_container1_0 #bwg_container2_0 .tablenav-pages_0 input.bwg_current_page {\t\t\t\tcursor: pointer;\t\t\t\ttext-align: center;\t\t\t\tfont-size: 12px;\t\t\t\tfont-family: Ubuntu;\t\t\t\tfont-weight: bold;\t\t\t\tcolor: #666666;\t\t\t\ttext-decoration: none;\t\t\t\tpadding: 3px 6px;\t\t\t\tmargin: 0;\t\t\t\tborder-radius: 0;\t\t\t\tborder-style: solid;\t\t\t\tborder-width: 1px;\t\t\t\tborder-color: #E3E3E3;\t\t\t\t\t\t\t\tbackground-color: rgba(255, 255, 255, 1.00);\t\t\t\tbox-shadow: 0;\t\t\t\ttransition: all 0.3s ease 0s;-webkit-transition: all 0.3s ease 0s;      }      <\/style>      <span class=\"bwg_nav_cont_0\">              <div class=\"tablenav-pages_0\">                  <\/div>                <input type=\"hidden\" id=\"page_number_0\" name=\"page_number_0\" value=\"1\" \/>      <script type=\"text\/javascript\">        if( jQuery('.bwg_nav_cont_0').length > 1 ) {          jQuery('.bwg_nav_cont_0').first().remove()        }        function spider_page_0(cur, x, y, load_more) {          if (typeof load_more == \"undefined\") {            var load_more = false;          }          if (jQuery(cur).hasClass('disabled')) {            return false;          }          var items_county_0 = 1;          switch (y) {            case 1:              if (x >= items_county_0) {                document.getElementById('page_number_0').value = items_county_0;              }              else {                document.getElementById('page_number_0').value = x + 1;              }              break;            case 2:              document.getElementById('page_number_0').value = items_county_0;              break;            case -1:              if (x == 1) {                document.getElementById('page_number_0').value = 1;              }              else {                document.getElementById('page_number_0').value = x - 1;              }              break;            case -2:              document.getElementById('page_number_0').value = 1;              break;\t\t\t\t\t\tcase 0:              document.getElementById('page_number_0').value = x;              break;            default:              document.getElementById('page_number_0').value = 1;          }          bwg_ajax('gal_front_form_0', '0', 'bwg_thumbnails_0', '0', '', 'gallery', 0, '', '', load_more, '', 1);        }                    jQuery('.first-page-0').on('click', function () {              spider_page_0(this, 1, -2, 'numeric');              return false;            });            jQuery('.prev-page-0').on('click', function () {              spider_page_0(this, 1, -1, 'numeric');              return false;            });            jQuery('.next-page-0').on('click', function () {              spider_page_0(this, 1, 1, 'numeric');              return false;            });            jQuery('.last-page-0').on('click', function () {              spider_page_0(this, 1, 2, 'numeric');              return false;            });        \t\t\t\t\/* Change page on input enter. *\/        function bwg_change_page_0( e, that ) {          if (  e.key == 'Enter' ) {            var to_page = parseInt(jQuery(that).val());            var pages_count = jQuery(that).parents(\".pagination-links\").data(\"pages-count\");            var current_url_param = jQuery(that).attr('data-url-info');            if (to_page > pages_count) {              to_page = 1;            }\t \t\t\t\t\t\t\t\t\t\t\t\tspider_page_0(this, to_page, 0, 'numeric');\t\t\t\t\t\t\treturn false;\t\t\t\t\t\t          }          return true;        }        jQuery('.bwg_load_btn_0').on('click', function () {            spider_page_0(this, 1, 1, true);            return false;        });      <\/script>      <\/span>                <\/div>        <\/form>        <style>          #bwg_container1_0 #bwg_container2_0 #spider_popup_overlay_0 {          background-color: #EEEEEE;          opacity: 0.60;          }          <\/style>        <div id=\"bwg_spider_popup_loading_0\" class=\"bwg_spider_popup_loading\"><\/div>        <div id=\"spider_popup_overlay_0\" class=\"spider_popup_overlay\" onclick=\"spider_destroypopup(1000)\"><\/div>        <input type=\"hidden\" id=\"bwg_random_seed_0\" value=\"627680513\">                <\/div>    <\/div>    <script>      if (document.readyState === 'complete') {        if( typeof bwg_main_ready == 'function' ) {          if ( jQuery(\"#bwg_container1_0\").height() ) {            bwg_main_ready(jQuery(\"#bwg_container1_0\"));          }        }      } else {        document.addEventListener('DOMContentLoaded', function() {          if( typeof bwg_main_ready == 'function' ) {            if ( jQuery(\"#bwg_container1_0\").height() ) {             bwg_main_ready(jQuery(\"#bwg_container1_0\"));            }          }        });      }    <\/script>    <\/h5>\n<h5><strong>La place L\u00e9nine \u00e0 Champigny-sur-Marne [94]<\/strong><strong>&#8230;<\/strong><br \/>\n<strong>&#8230;<\/strong><strong>\u00e9tude de faisabilit\u00e9 urbaine<\/strong><\/h5>\n<p>Ville de Champigny-sur-Marne &#8230;<em>ma\u00eetre d\u2019ouvrage<\/em><\/p>\n<p>Or\u00e9noque<em> &#8230;mandataire<br \/>\n<\/em>Andrzej Michalski<em> &#8230;chef de projet architecte urbaniste<br \/>\n<\/em>Pierre Gangnet<em> &#8230;architecte urbaniste<\/em><br \/>\nOGI <em>&#8230;BET<br \/>\n<\/em><\/p>\n<p>3,7 ha <em>&#8230;superficie<\/em><\/p>\n<p>2011-2012 <em>&#8230;\u00e9tude urbaine<\/em><\/p>\n<p><strong>Le contexte urbain<\/strong><br \/>\nLa place L\u00e9nine occupe une situation complexe dans Champigny, regroupant de nombreux paradoxes :<\/p>\n<ul>\n<li>\u00e0 proximit\u00e9 de la Mairie alors que celle-ci lui tourne le dos,<\/li>\n<li>\u00e0 proximit\u00e9 de la Marne sans que celle-ci n\u2019en soit perceptible,<\/li>\n<li>\u00e0 proximit\u00e9 d\u2019une crois\u00e9e de routes importantes,<\/li>\n<li>une partie des ses abords est urbanis\u00e9e alors d\u2019autres ont un caract\u00e8re tr\u00e8s p\u00e9ri-urbain.<\/li>\n<\/ul>\n<p>Elle est n\u00e9anmoins une centralit\u00e9 importante o\u00f9 se tient deux fois par semaine un grand march\u00e9. Le reste du temps, elle est un vaste parking travers\u00e9 par des flux routiers majeurs et notamment de nombreuses lignes de bus.<\/p>\n<p><strong>La mission<\/strong><br \/>\nL\u2019\u00e9tude porte sur la place et ses abords, l\u2019espace public ainsi que les emprises priv\u00e9es voisines. Elle s\u2019attache \u00e0 repenser \u00e0 la fois l\u2019espace de la place et l\u2019\u00e9volution du foncier environnant.<br \/>\nUn enjeu de taille consiste ici \u00e0 concilier les diff\u00e9rentes fonctions qu\u2019accueille l\u2019espace public\u00a0: pi\u00e9tons, march\u00e9, stationnement, lignes de bus, flux de la route d\u00e9partementale et circulations douces.<br \/>\nSur la place elle-m\u00eame, divers sc\u00e9narios d\u2019am\u00e9nagement ont \u00e9t\u00e9 pr\u00e9sent\u00e9s et discut\u00e9s, repositionnant parfois le parcours de la d\u00e9partementale et des bus, pour aboutir \u00e0 un choix concert\u00e9.<br \/>\nAux abords, des sc\u00e9narios d\u2019\u00e9volution du b\u00e2ti ont pris forme, int\u00e9grant pour certains un march\u00e9 couvert et dans tous les cas, un phasage.<\/p>\n","protected":false},"excerpt":{"rendered":"<p>La place L\u00e9nine \u00e0 Champigny-sur-Marne [94]&#8230; &#8230;\u00e9tude de faisabilit\u00e9 urbaine Ville de Champigny-sur-Marne &#8230;ma\u00eetre d\u2019ouvrage&#8230;<\/p>\n","protected":false},"author":1,"featured_media":0,"parent":0,"menu_order":0,"comment_status":"closed","ping_status":"closed","template":"","meta":{"footnotes":""},"class_list":["post-522","page","type-page","status-publish","hentry"],"_links":{"self":[{"href":"https:\/\/maaru.fr\/index.php?rest_route=\/wp\/v2\/pages\/522","targetHints":{"allow":["GET"]}}],"collection":[{"href":"https:\/\/maaru.fr\/index.php?rest_route=\/wp\/v2\/pages"}],"about":[{"href":"https:\/\/maaru.fr\/index.php?rest_route=\/wp\/v2\/types\/page"}],"author":[{"embeddable":true,"href":"https:\/\/maaru.fr\/index.php?rest_route=\/wp\/v2\/users\/1"}],"replies":[{"embeddable":true,"href":"https:\/\/maaru.fr\/index.php?rest_route=%2Fwp%2Fv2%2Fcomments&post=522"}],"version-history":[{"count":7,"href":"https:\/\/maaru.fr\/index.php?rest_route=\/wp\/v2\/pages\/522\/revisions"}],"predecessor-version":[{"id":1315,"href":"https:\/\/maaru.fr\/index.php?rest_route=\/wp\/v2\/pages\/522\/revisions\/1315"}],"wp:attachment":[{"href":"https:\/\/maaru.fr\/index.php?rest_route=%2Fwp%2Fv2%2Fmedia&parent=522"}],"curies":[{"name":"wp","href":"https:\/\/api.w.org\/{rel}","templated":true}]}}