{"id":449,"date":"2017-08-28T10:33:58","date_gmt":"2017-08-28T10:33:58","guid":{"rendered":"http:\/\/maaru.fr\/?page_id=449"},"modified":"2023-06-19T20:01:34","modified_gmt":"2023-06-19T20:01:34","slug":"place-renon","status":"publish","type":"page","link":"https:\/\/maaru.fr\/?page_id=449","title":{"rendered":"Vincennes : place Renon"},"content":{"rendered":"<h5><style id=\"bwg-style-0\">    #bwg_container1_0 #bwg_container2_0 .bwg-container-0.bwg-standard-thumbnails {      width: 1254px;              justify-content: center;        margin:0 auto !important;              background-color: rgba(255, 255, 255, 0.00);            padding-left: 4px;      padding-top: 4px;      max-width: 100%;            }        #bwg_container1_0 #bwg_container2_0 .bwg-container-0.bwg-standard-thumbnails .bwg-item {    justify-content: flex-start;      max-width: 250px;          }    #bwg_container1_0 #bwg_container2_0 .bwg-container-0.bwg-standard-thumbnails .bwg-item a {       margin-right: 4px;       margin-bottom: 4px;    }    #bwg_container1_0 #bwg_container2_0 .bwg-container-0.bwg-standard-thumbnails .bwg-item0 {      padding: 0px;            background-color:rgba(0,0,0, 0.30);      border: 0px none #CCCCCC;      opacity: 1.00;      border-radius: 0;      box-shadow: ;    }    #bwg_container1_0 #bwg_container2_0 .bwg-container-0.bwg-standard-thumbnails .bwg-item1 img {      max-height: none;      max-width: none;      padding: 0 !important;    }         @media only screen and (min-width: 480px) {\t\t#bwg_container1_0 #bwg_container2_0 .bwg-container-0.bwg-standard-thumbnails .bwg-item1 img {\t\t\t-webkit-transition: all .3s; transition: all .3s;\t\t}\t\t#bwg_container1_0 #bwg_container2_0 .bwg-container-0.bwg-standard-thumbnails .bwg-item1 img:hover {\t\t\t-ms-transform: scale(1.08);\t\t\t-webkit-transform: scale(1.08);\t\t\ttransform: scale(1.08);\t\t}\t\t\t\t.bwg-standard-thumbnails .bwg-zoom-effect .bwg-zoom-effect-overlay {\t\t\t\t\t\tbackground-color:rgba(0,0,0, 0.3);\t\t}\t\t.bwg-standard-thumbnails .bwg-zoom-effect:hover img {\t\t\t-ms-transform: scale(1.08);\t\t\t-webkit-transform: scale(1.08);\t\t\ttransform: scale(1.08);\t\t}\t\t      }\t    #bwg_container1_0 #bwg_container2_0 .bwg-container-0.bwg-standard-thumbnails .bwg-item1 {      padding-top: 56%;    }        #bwg_container1_0 #bwg_container2_0 .bwg-container-0.bwg-standard-thumbnails .bwg-title1 {      position: absolute;      top: 0;      z-index: 100;      width: 100%;      height: 100%;      display: flex;      justify-content: center;      align-content: center;      flex-direction: column;      opacity: 0;    }\t      #bwg_container1_0 #bwg_container2_0 .bwg-container-0.bwg-standard-thumbnails .bwg-title2,    #bwg_container1_0 #bwg_container2_0 .bwg-container-0.bwg-standard-thumbnails .bwg-ecommerce2 {      color: #FFFFFF;      font-family: Ubuntu;      font-size: 16px;      font-weight: bold;      padding: 2px;      text-shadow: ;      max-height: 100%;    }    #bwg_container1_0 #bwg_container2_0 .bwg-container-0.bwg-standard-thumbnails .bwg-thumb-description span {    color: #323A45;    font-family: Ubuntu;    font-size: 12px;    max-height: 100%;    word-wrap: break-word;    }    #bwg_container1_0 #bwg_container2_0 .bwg-container-0.bwg-standard-thumbnails .bwg-play-icon2 {      font-size: 32px;    }    #bwg_container1_0 #bwg_container2_0 .bwg-container-0.bwg-standard-thumbnails .bwg-ecommerce2 {      font-size: 19.2px;      color: #323A45;    }    <\/style>    <div id=\"bwg_container1_0\"         class=\"bwg_container bwg_thumbnail bwg_thumbnails \"         data-right-click-protection=\"0\"         data-bwg=\"0\"         data-scroll=\"0\"         data-gallery-type=\"thumbnails\"         data-gallery-view-type=\"thumbnails\"         data-current-url=\"\/index.php?rest_route=%2Fwp%2Fv2%2Fpages%2F449\"         data-lightbox-url=\"https:\/\/maaru.fr\/wp-admin\/admin-ajax.php?action=GalleryBox&#038;current_view=0&#038;gallery_id=13&#038;tag=0&#038;theme_id=1&#038;shortcode_id=31&#038;sort_by=order&#038;order_by=asc&#038;current_url=%2Findex.php%3Frest_route%3D%252Fwp%252Fv2%252Fpages%252F449\"         data-gallery-id=\"13\"         data-popup-width=\"800\"         data-popup-height=\"500\"         data-is-album=\"gallery\"         data-buttons-position=\"bottom\">      <div id=\"bwg_container2_0\">             <div id=\"ajax_loading_0\" class=\"bwg_loading_div_1\">      <div class=\"bwg_loading_div_2\">        <div class=\"bwg_loading_div_3\">          <div id=\"loading_div_0\" class=\"bwg_spider_ajax_loading\">          <\/div>        <\/div>      <\/div>    <\/div>            <form id=\"gal_front_form_0\"              class=\"bwg-hidden\"              method=\"post\"              action=\"#\"              data-current=\"0\"              data-shortcode-id=\"31\"              data-gallery-type=\"thumbnails\"              data-gallery-id=\"13\"              data-tag=\"0\"              data-album-id=\"0\"              data-theme-id=\"1\"              data-ajax-url=\"https:\/\/maaru.fr\/wp-admin\/admin-ajax.php?action=bwg_frontend_data\">          <div id=\"bwg_container3_0\" class=\"bwg-background bwg-background-0\">                <div data-max-count=\"5\"         data-thumbnail-width=\"250\"         data-bwg=\"0\"         data-gallery-id=\"13\"         data-lightbox-url=\"https:\/\/maaru.fr\/wp-admin\/admin-ajax.php?action=GalleryBox&amp;current_view=0&amp;gallery_id=13&amp;tag=0&amp;theme_id=1&amp;shortcode_id=31&amp;sort_by=order&amp;order_by=asc&amp;current_url=%2Findex.php%3Frest_route%3D%252Fwp%252Fv2%252Fpages%252F449\"         id=\"bwg_thumbnails_0\"         class=\"bwg-container-0 bwg-thumbnails bwg-standard-thumbnails bwg-container bwg-border-box\">            <div class=\"bwg-item\">        <a class=\"bwg-a  bwg_lightbox\"  data-image-id=\"201\" href=\"https:\/\/maaru.fr\/wp-content\/uploads\/photo-gallery\/REN_01_web3.jpg?bwg=1578518162\" data-elementor-open-lightbox=\"no\">                <div class=\"bwg-item0 \">          <div class=\"bwg-item1 bwg-zoom-effect\">            <div class=\"bwg-item2\">              <img decoding=\"async\" class=\"skip-lazy bwg_standart_thumb_img_0 \"                   data-id=\"201\"                   data-width=\"500\"                   data-height=\"333\"                   data-src=\"https:\/\/maaru.fr\/wp-content\/uploads\/photo-gallery\/thumb\/REN_01_web3.jpg?bwg=1578518162\"                   src=\"https:\/\/maaru.fr\/wp-content\/uploads\/photo-gallery\/thumb\/REN_01_web3.jpg?bwg=1578518162\"                   alt=\"\"                   title=\"\" \/>            <\/div>            <div class=\"bwg-zoom-effect-overlay\">              <div class=\"bwg-title1\"><div class=\"bwg-title2\">&nbsp;<\/div><\/div>                                        <\/div>          <\/div>        <\/div>                        <\/a>              <\/div>            <div class=\"bwg-item\">        <a class=\"bwg-a  bwg_lightbox\"  data-image-id=\"202\" href=\"https:\/\/maaru.fr\/wp-content\/uploads\/photo-gallery\/REN_02_web3.jpg?bwg=1578518162\" data-elementor-open-lightbox=\"no\">                <div class=\"bwg-item0 \">          <div class=\"bwg-item1 bwg-zoom-effect\">            <div class=\"bwg-item2\">              <img decoding=\"async\" class=\"skip-lazy bwg_standart_thumb_img_0 \"                   data-id=\"202\"                   data-width=\"500\"                   data-height=\"333\"                   data-src=\"https:\/\/maaru.fr\/wp-content\/uploads\/photo-gallery\/thumb\/REN_02_web3.jpg?bwg=1578518162\"                   src=\"https:\/\/maaru.fr\/wp-content\/uploads\/photo-gallery\/thumb\/REN_02_web3.jpg?bwg=1578518162\"                   alt=\"\"                   title=\"\" \/>            <\/div>            <div class=\"bwg-zoom-effect-overlay\">              <div class=\"bwg-title1\"><div class=\"bwg-title2\">&nbsp;<\/div><\/div>                                        <\/div>          <\/div>        <\/div>                        <\/a>              <\/div>            <div class=\"bwg-item\">        <a class=\"bwg-a  bwg_lightbox\"  data-image-id=\"200\" href=\"https:\/\/maaru.fr\/wp-content\/uploads\/photo-gallery\/REN_03_web3.jpg?bwg=1578518162\" data-elementor-open-lightbox=\"no\">                <div class=\"bwg-item0 \">          <div class=\"bwg-item1 bwg-zoom-effect\">            <div class=\"bwg-item2\">              <img decoding=\"async\" class=\"skip-lazy bwg_standart_thumb_img_0 \"                   data-id=\"200\"                   data-width=\"500\"                   data-height=\"333\"                   data-src=\"https:\/\/maaru.fr\/wp-content\/uploads\/photo-gallery\/thumb\/REN_03_web3.jpg?bwg=1578518162\"                   src=\"https:\/\/maaru.fr\/wp-content\/uploads\/photo-gallery\/thumb\/REN_03_web3.jpg?bwg=1578518162\"                   alt=\"\"                   title=\"\" \/>            <\/div>            <div class=\"bwg-zoom-effect-overlay\">              <div class=\"bwg-title1\"><div class=\"bwg-title2\">&nbsp;<\/div><\/div>                                        <\/div>          <\/div>        <\/div>                        <\/a>              <\/div>            <div class=\"bwg-item\">        <a class=\"bwg-a  bwg_lightbox\"  data-image-id=\"198\" href=\"https:\/\/maaru.fr\/wp-content\/uploads\/photo-gallery\/REN_05_web3.jpg?bwg=1578518161\" data-elementor-open-lightbox=\"no\">                <div class=\"bwg-item0 \">          <div class=\"bwg-item1 bwg-zoom-effect\">            <div class=\"bwg-item2\">              <img decoding=\"async\" class=\"skip-lazy bwg_standart_thumb_img_0 \"                   data-id=\"198\"                   data-width=\"500\"                   data-height=\"333\"                   data-src=\"https:\/\/maaru.fr\/wp-content\/uploads\/photo-gallery\/thumb\/REN_05_web3.jpg?bwg=1578518161\"                   src=\"https:\/\/maaru.fr\/wp-content\/uploads\/photo-gallery\/thumb\/REN_05_web3.jpg?bwg=1578518161\"                   alt=\"\"                   title=\"\" \/>            <\/div>            <div class=\"bwg-zoom-effect-overlay\">              <div class=\"bwg-title1\"><div class=\"bwg-title2\">&nbsp;<\/div><\/div>                                        <\/div>          <\/div>        <\/div>                        <\/a>              <\/div>            <div class=\"bwg-item\">        <a class=\"bwg-a  bwg_lightbox\"  data-image-id=\"199\" href=\"https:\/\/maaru.fr\/wp-content\/uploads\/photo-gallery\/REN_04_web3.jpg?bwg=1578518161\" data-elementor-open-lightbox=\"no\">                <div class=\"bwg-item0 \">          <div class=\"bwg-item1 bwg-zoom-effect\">            <div class=\"bwg-item2\">              <img decoding=\"async\" class=\"skip-lazy bwg_standart_thumb_img_0 \"                   data-id=\"199\"                   data-width=\"500\"                   data-height=\"333\"                   data-src=\"https:\/\/maaru.fr\/wp-content\/uploads\/photo-gallery\/thumb\/REN_04_web3.jpg?bwg=1578518161\"                   src=\"https:\/\/maaru.fr\/wp-content\/uploads\/photo-gallery\/thumb\/REN_04_web3.jpg?bwg=1578518161\"                   alt=\"\"                   title=\"\" \/>            <\/div>            <div class=\"bwg-zoom-effect-overlay\">              <div class=\"bwg-title1\"><div class=\"bwg-title2\">&nbsp;<\/div><\/div>                                        <\/div>          <\/div>        <\/div>                        <\/a>              <\/div>            <div class=\"bwg-item\">        <a class=\"bwg-a  bwg_lightbox\"  data-image-id=\"204\" href=\"https:\/\/maaru.fr\/wp-content\/uploads\/photo-gallery\/REN_06_web3.jpg?bwg=1578518162\" data-elementor-open-lightbox=\"no\">                <div class=\"bwg-item0 \">          <div class=\"bwg-item1 bwg-zoom-effect\">            <div class=\"bwg-item2\">              <img decoding=\"async\" class=\"skip-lazy bwg_standart_thumb_img_0 \"                   data-id=\"204\"                   data-width=\"333\"                   data-height=\"500\"                   data-src=\"https:\/\/maaru.fr\/wp-content\/uploads\/photo-gallery\/thumb\/REN_06_web3.jpg?bwg=1578518162\"                   src=\"https:\/\/maaru.fr\/wp-content\/uploads\/photo-gallery\/thumb\/REN_06_web3.jpg?bwg=1578518162\"                   alt=\"\"                   title=\"\" \/>            <\/div>            <div class=\"bwg-zoom-effect-overlay\">              <div class=\"bwg-title1\"><div class=\"bwg-title2\">&nbsp;<\/div><\/div>                                        <\/div>          <\/div>        <\/div>                        <\/a>              <\/div>            <div class=\"bwg-item\">        <a class=\"bwg-a  bwg_lightbox\"  data-image-id=\"203\" href=\"https:\/\/maaru.fr\/wp-content\/uploads\/photo-gallery\/REN_07_web3.jpg?bwg=1578518162\" data-elementor-open-lightbox=\"no\">                <div class=\"bwg-item0 \">          <div class=\"bwg-item1 bwg-zoom-effect\">            <div class=\"bwg-item2\">              <img decoding=\"async\" class=\"skip-lazy bwg_standart_thumb_img_0 \"                   data-id=\"203\"                   data-width=\"333\"                   data-height=\"500\"                   data-src=\"https:\/\/maaru.fr\/wp-content\/uploads\/photo-gallery\/thumb\/REN_07_web3.jpg?bwg=1578518162\"                   src=\"https:\/\/maaru.fr\/wp-content\/uploads\/photo-gallery\/thumb\/REN_07_web3.jpg?bwg=1578518162\"                   alt=\"\"                   title=\"\" \/>            <\/div>            <div class=\"bwg-zoom-effect-overlay\">              <div class=\"bwg-title1\"><div class=\"bwg-title2\">&nbsp;<\/div><\/div>                                        <\/div>          <\/div>        <\/div>                        <\/a>              <\/div>            <div class=\"bwg-item\">        <a class=\"bwg-a  bwg_lightbox\"  data-image-id=\"206\" href=\"https:\/\/maaru.fr\/wp-content\/uploads\/photo-gallery\/REN_08_web3.jpg?bwg=1578518162\" data-elementor-open-lightbox=\"no\">                <div class=\"bwg-item0 \">          <div class=\"bwg-item1 bwg-zoom-effect\">            <div class=\"bwg-item2\">              <img decoding=\"async\" class=\"skip-lazy bwg_standart_thumb_img_0 \"                   data-id=\"206\"                   data-width=\"333\"                   data-height=\"500\"                   data-src=\"https:\/\/maaru.fr\/wp-content\/uploads\/photo-gallery\/thumb\/REN_08_web3.jpg?bwg=1578518162\"                   src=\"https:\/\/maaru.fr\/wp-content\/uploads\/photo-gallery\/thumb\/REN_08_web3.jpg?bwg=1578518162\"                   alt=\"\"                   title=\"\" \/>            <\/div>            <div class=\"bwg-zoom-effect-overlay\">              <div class=\"bwg-title1\"><div class=\"bwg-title2\">&nbsp;<\/div><\/div>                                        <\/div>          <\/div>        <\/div>                        <\/a>              <\/div>            <div class=\"bwg-item\">        <a class=\"bwg-a  bwg_lightbox\"  data-image-id=\"205\" href=\"https:\/\/maaru.fr\/wp-content\/uploads\/photo-gallery\/REN_09_web3.jpg?bwg=1578518162\" data-elementor-open-lightbox=\"no\">                <div class=\"bwg-item0 \">          <div class=\"bwg-item1 bwg-zoom-effect\">            <div class=\"bwg-item2\">              <img decoding=\"async\" class=\"skip-lazy bwg_standart_thumb_img_0 \"                   data-id=\"205\"                   data-width=\"353\"                   data-height=\"500\"                   data-src=\"https:\/\/maaru.fr\/wp-content\/uploads\/photo-gallery\/thumb\/REN_09_web3.jpg?bwg=1578518162\"                   src=\"https:\/\/maaru.fr\/wp-content\/uploads\/photo-gallery\/thumb\/REN_09_web3.jpg?bwg=1578518162\"                   alt=\"\"                   title=\"\" \/>            <\/div>            <div class=\"bwg-zoom-effect-overlay\">              <div class=\"bwg-title1\"><div class=\"bwg-title2\">&nbsp;<\/div><\/div>                                        <\/div>          <\/div>        <\/div>                        <\/a>              <\/div>          <\/div>    <style>      \/*pagination styles*\/      #bwg_container1_0 #bwg_container2_0 .tablenav-pages_0 {\t\t\t\ttext-align: center;\t\t\t\tfont-size: 12px;\t\t\t\tfont-family: Ubuntu;\t\t\t\tfont-weight: bold;\t\t\t\tcolor: #666666;\t\t\t\tmargin: 6px 0 4px;\t\t\t\tdisplay: block;      }      @media only screen and (max-width : 320px) {      #bwg_container1_0 #bwg_container2_0 .displaying-num_0 {     \t display: none;      }      }      #bwg_container1_0 #bwg_container2_0 .displaying-num_0 {\t\t\t\tfont-size: 12px;\t\t\t\tfont-family: Ubuntu;\t\t\t\tfont-weight: bold;\t\t\t\tcolor: #666666;\t\t\t\tmargin-right: 10px;\t\t\t\tvertical-align: middle;      }      #bwg_container1_0 #bwg_container2_0 .paging-input_0 {\t\t\t\tfont-size: 12px;\t\t\t\tfont-family: Ubuntu;\t\t\t\tfont-weight: bold;\t\t\t\tcolor: #666666;\t\t\t\tvertical-align: middle;      }      #bwg_container1_0 #bwg_container2_0 .tablenav-pages_0 a.disabled,      #bwg_container1_0 #bwg_container2_0 .tablenav-pages_0 a.disabled:hover,      #bwg_container1_0 #bwg_container2_0 .tablenav-pages_0 a.disabled:focus,\t\t\t#bwg_container1_0 #bwg_container2_0 .tablenav-pages_0 input.bwg_current_page {\t\t\t\tcursor: default;\t\t\t\tcolor: rgba(102, 102, 102, 0.5);      }      #bwg_container1_0 #bwg_container2_0 .tablenav-pages_0 a,      #bwg_container1_0 #bwg_container2_0 .tablenav-pages_0 input.bwg_current_page {\t\t\t\tcursor: pointer;\t\t\t\ttext-align: center;\t\t\t\tfont-size: 12px;\t\t\t\tfont-family: Ubuntu;\t\t\t\tfont-weight: bold;\t\t\t\tcolor: #666666;\t\t\t\ttext-decoration: none;\t\t\t\tpadding: 3px 6px;\t\t\t\tmargin: 0;\t\t\t\tborder-radius: 0;\t\t\t\tborder-style: solid;\t\t\t\tborder-width: 1px;\t\t\t\tborder-color: #E3E3E3;\t\t\t\t\t\t\t\tbackground-color: rgba(255, 255, 255, 1.00);\t\t\t\tbox-shadow: 0;\t\t\t\ttransition: all 0.3s ease 0s;-webkit-transition: all 0.3s ease 0s;      }      <\/style>      <span class=\"bwg_nav_cont_0\">              <div class=\"tablenav-pages_0\">                  <\/div>                <input type=\"hidden\" id=\"page_number_0\" name=\"page_number_0\" value=\"1\" \/>      <script type=\"text\/javascript\">        if( jQuery('.bwg_nav_cont_0').length > 1 ) {          jQuery('.bwg_nav_cont_0').first().remove()        }        function spider_page_0(cur, x, y, load_more) {          if (typeof load_more == \"undefined\") {            var load_more = false;          }          if (jQuery(cur).hasClass('disabled')) {            return false;          }          var items_county_0 = 1;          switch (y) {            case 1:              if (x >= items_county_0) {                document.getElementById('page_number_0').value = items_county_0;              }              else {                document.getElementById('page_number_0').value = x + 1;              }              break;            case 2:              document.getElementById('page_number_0').value = items_county_0;              break;            case -1:              if (x == 1) {                document.getElementById('page_number_0').value = 1;              }              else {                document.getElementById('page_number_0').value = x - 1;              }              break;            case -2:              document.getElementById('page_number_0').value = 1;              break;\t\t\t\t\t\tcase 0:              document.getElementById('page_number_0').value = x;              break;            default:              document.getElementById('page_number_0').value = 1;          }          bwg_ajax('gal_front_form_0', '0', 'bwg_thumbnails_0', '0', '', 'gallery', 0, '', '', load_more, '', 1);        }                    jQuery('.first-page-0').on('click', function () {              spider_page_0(this, 1, -2, 'numeric');              return false;            });            jQuery('.prev-page-0').on('click', function () {              spider_page_0(this, 1, -1, 'numeric');              return false;            });            jQuery('.next-page-0').on('click', function () {              spider_page_0(this, 1, 1, 'numeric');              return false;            });            jQuery('.last-page-0').on('click', function () {              spider_page_0(this, 1, 2, 'numeric');              return false;            });        \t\t\t\t\/* Change page on input enter. *\/        function bwg_change_page_0( e, that ) {          if (  e.key == 'Enter' ) {            var to_page = parseInt(jQuery(that).val());            var pages_count = jQuery(that).parents(\".pagination-links\").data(\"pages-count\");            var current_url_param = jQuery(that).attr('data-url-info');            if (to_page > pages_count) {              to_page = 1;            }\t \t\t\t\t\t\t\t\t\t\t\t\tspider_page_0(this, to_page, 0, 'numeric');\t\t\t\t\t\t\treturn false;\t\t\t\t\t\t          }          return true;        }        jQuery('.bwg_load_btn_0').on('click', function () {            spider_page_0(this, 1, 1, true);            return false;        });      <\/script>      <\/span>                <\/div>        <\/form>        <style>          #bwg_container1_0 #bwg_container2_0 #spider_popup_overlay_0 {          background-color: #EEEEEE;          opacity: 0.60;          }          <\/style>        <div id=\"bwg_spider_popup_loading_0\" class=\"bwg_spider_popup_loading\"><\/div>        <div id=\"spider_popup_overlay_0\" class=\"spider_popup_overlay\" onclick=\"spider_destroypopup(1000)\"><\/div>        <input type=\"hidden\" id=\"bwg_random_seed_0\" value=\"1114341167\">                <\/div>    <\/div>    <script>      if (document.readyState === 'complete') {        if( typeof bwg_main_ready == 'function' ) {          if ( jQuery(\"#bwg_container1_0\").height() ) {            bwg_main_ready(jQuery(\"#bwg_container1_0\"));          }        }      } else {        document.addEventListener('DOMContentLoaded', function() {          if( typeof bwg_main_ready == 'function' ) {            if ( jQuery(\"#bwg_container1_0\").height() ) {             bwg_main_ready(jQuery(\"#bwg_container1_0\"));            }          }        });      }    <\/script>    <\/h5>\n<h5><strong>Am\u00e9nagement de la place Renon \u00e0 Vincennes, et de ses abords [94]<\/strong><\/h5>\n<p>Ville de Vincennes &#8230;<em>ma\u00eetre d\u2019ouvrage<\/em><\/p>\n<p>Andrzej Michalski<em> &#8230;chef de projet<br \/>\n<\/em>Pierre Gangnet<em> &#8230;architecte mandataire<\/em><br \/>\nEmpreinte<em> &#8230;paysagiste<\/em><br \/>\nOGI &#8230;<em>BET<\/em><em><br \/>\n<\/em>LEA <em>&#8230;\u00e9clairagiste<\/em><\/p>\n<p>8 384 m\u00b2 <em>&#8230;superficie<\/em><br \/>\n1 500 000 \u20ac HT .<em>..montant des travaux<\/em><\/p>\n<p>2009-2013 <em>&#8230;projet et r\u00e9alisati<\/em>on<\/p>\n<p><strong>Le contexte<\/strong><br \/>\nA l\u2019occasion du r\u00e9am\u00e9nagement des espaces publics du centre ville, Vincennes d\u00e9cide de transformer deux places situ\u00e9es de part et d\u2019autre de la commune, avec leurs abords : la place Diderot, et la place Renon. C\u2019est une commande unique qui donne lieu \u00e0 deux projets distincts.<\/p>\n<p><strong>Le projet<\/strong><br \/>\nSitu\u00e9e dans l\u2019Est de Vincennes, pr\u00e8s de Paris, la place Renon porte assez mal son nom : c\u2019est plut\u00f4t un croisement de rues de quartier, avec un triangle de verdure attenant, initialement entour\u00e9 de chauss\u00e9es, peu accessible et mal praticable.<br \/>\nA l\u2019issue des travaux, c\u2019est un r\u00e9seau de voies jardins qui se trouve l\u00e0. La rue Massue, la rue Renon pi\u00e9tonnis\u00e9e, la rue des Laiti\u00e8res et deux placettes triangulaires qui articulent ces espaces &#8211; dont la place Renon &#8211; m\u00ealent min\u00e9ral et v\u00e9g\u00e9tal laissant \u00e0 ce dernier un place pr\u00e9pond\u00e9rante, faisant du p\u00e9rim\u00e8tre un quasi jardin o\u00f9 l\u2019espace public urbain habituel et min\u00e9ral se lit en creux. Des bancs, con\u00e7us sp\u00e9cifiquement pour le lieu, ont pris place au pied des plantations, et notamment sous deux beaux arbres exotiques d\u00e9j\u00e0 pr\u00e9sents sur le site : une chance ! L\u2019exigu\u00eft\u00e9 des lieux a pouss\u00e9 \u00e0 d\u00e9limiter les plantations par des profil\u00e9s m\u00e9talliques plut\u00f4t que des bordures. Les sols, quant \u00e0 eux, ont \u00e9t\u00e9 r\u00e9alis\u00e9s dans les m\u00eames granits que la place Diderot, dans un souci d\u2019unit\u00e9, favorisant la lecture d\u2019une continuit\u00e9, ou d\u2019une parent\u00e9 des espaces.<\/p>\n","protected":false},"excerpt":{"rendered":"<p>Am\u00e9nagement de la place Renon \u00e0 Vincennes, et de ses abords [94] Ville de Vincennes&#8230;<\/p>\n","protected":false},"author":1,"featured_media":0,"parent":0,"menu_order":0,"comment_status":"closed","ping_status":"closed","template":"","meta":{"footnotes":""},"class_list":["post-449","page","type-page","status-publish","hentry"],"_links":{"self":[{"href":"https:\/\/maaru.fr\/index.php?rest_route=\/wp\/v2\/pages\/449","targetHints":{"allow":["GET"]}}],"collection":[{"href":"https:\/\/maaru.fr\/index.php?rest_route=\/wp\/v2\/pages"}],"about":[{"href":"https:\/\/maaru.fr\/index.php?rest_route=\/wp\/v2\/types\/page"}],"author":[{"embeddable":true,"href":"https:\/\/maaru.fr\/index.php?rest_route=\/wp\/v2\/users\/1"}],"replies":[{"embeddable":true,"href":"https:\/\/maaru.fr\/index.php?rest_route=%2Fwp%2Fv2%2Fcomments&post=449"}],"version-history":[{"count":6,"href":"https:\/\/maaru.fr\/index.php?rest_route=\/wp\/v2\/pages\/449\/revisions"}],"predecessor-version":[{"id":1301,"href":"https:\/\/maaru.fr\/index.php?rest_route=\/wp\/v2\/pages\/449\/revisions\/1301"}],"wp:attachment":[{"href":"https:\/\/maaru.fr\/index.php?rest_route=%2Fwp%2Fv2%2Fmedia&parent=449"}],"curies":[{"name":"wp","href":"https:\/\/api.w.org\/{rel}","templated":true}]}}