{"id":301,"date":"2017-08-25T12:12:27","date_gmt":"2017-08-25T12:12:27","guid":{"rendered":"http:\/\/maaru.fr\/?page_id=301"},"modified":"2023-06-19T19:54:38","modified_gmt":"2023-06-19T19:54:38","slug":"accessibilite-de-la-defense","status":"publish","type":"page","link":"https:\/\/maaru.fr\/?page_id=301","title":{"rendered":"La D\u00e9fense : accessibilit\u00e9"},"content":{"rendered":"<h5><style id=\"bwg-style-0\">    #bwg_container1_0 #bwg_container2_0 .bwg-container-0.bwg-standard-thumbnails {      width: 1254px;              justify-content: center;        margin:0 auto !important;              background-color: rgba(255, 255, 255, 0.00);            padding-left: 4px;      padding-top: 4px;      max-width: 100%;            }        #bwg_container1_0 #bwg_container2_0 .bwg-container-0.bwg-standard-thumbnails .bwg-item {    justify-content: flex-start;      max-width: 250px;          }    #bwg_container1_0 #bwg_container2_0 .bwg-container-0.bwg-standard-thumbnails .bwg-item a {       margin-right: 4px;       margin-bottom: 4px;    }    #bwg_container1_0 #bwg_container2_0 .bwg-container-0.bwg-standard-thumbnails .bwg-item0 {      padding: 0px;            background-color:rgba(0,0,0, 0.30);      border: 0px none #CCCCCC;      opacity: 1.00;      border-radius: 0;      box-shadow: ;    }    #bwg_container1_0 #bwg_container2_0 .bwg-container-0.bwg-standard-thumbnails .bwg-item1 img {      max-height: none;      max-width: none;      padding: 0 !important;    }         @media only screen and (min-width: 480px) {\t\t#bwg_container1_0 #bwg_container2_0 .bwg-container-0.bwg-standard-thumbnails .bwg-item1 img {\t\t\t-webkit-transition: all .3s; transition: all .3s;\t\t}\t\t#bwg_container1_0 #bwg_container2_0 .bwg-container-0.bwg-standard-thumbnails .bwg-item1 img:hover {\t\t\t-ms-transform: scale(1.08);\t\t\t-webkit-transform: scale(1.08);\t\t\ttransform: scale(1.08);\t\t}\t\t\t\t.bwg-standard-thumbnails .bwg-zoom-effect .bwg-zoom-effect-overlay {\t\t\t\t\t\tbackground-color:rgba(0,0,0, 0.3);\t\t}\t\t.bwg-standard-thumbnails .bwg-zoom-effect:hover img {\t\t\t-ms-transform: scale(1.08);\t\t\t-webkit-transform: scale(1.08);\t\t\ttransform: scale(1.08);\t\t}\t\t      }\t    #bwg_container1_0 #bwg_container2_0 .bwg-container-0.bwg-standard-thumbnails .bwg-item1 {      padding-top: 56%;    }        #bwg_container1_0 #bwg_container2_0 .bwg-container-0.bwg-standard-thumbnails .bwg-title1 {      position: absolute;      top: 0;      z-index: 100;      width: 100%;      height: 100%;      display: flex;      justify-content: center;      align-content: center;      flex-direction: column;      opacity: 0;    }\t      #bwg_container1_0 #bwg_container2_0 .bwg-container-0.bwg-standard-thumbnails .bwg-title2,    #bwg_container1_0 #bwg_container2_0 .bwg-container-0.bwg-standard-thumbnails .bwg-ecommerce2 {      color: #FFFFFF;      font-family: Ubuntu;      font-size: 16px;      font-weight: bold;      padding: 2px;      text-shadow: ;      max-height: 100%;    }    #bwg_container1_0 #bwg_container2_0 .bwg-container-0.bwg-standard-thumbnails .bwg-thumb-description span {    color: #323A45;    font-family: Ubuntu;    font-size: 12px;    max-height: 100%;    word-wrap: break-word;    }    #bwg_container1_0 #bwg_container2_0 .bwg-container-0.bwg-standard-thumbnails .bwg-play-icon2 {      font-size: 32px;    }    #bwg_container1_0 #bwg_container2_0 .bwg-container-0.bwg-standard-thumbnails .bwg-ecommerce2 {      font-size: 19.2px;      color: #323A45;    }    <\/style>    <div id=\"bwg_container1_0\"         class=\"bwg_container bwg_thumbnail bwg_thumbnails \"         data-right-click-protection=\"0\"         data-bwg=\"0\"         data-scroll=\"0\"         data-gallery-type=\"thumbnails\"         data-gallery-view-type=\"thumbnails\"         data-current-url=\"\/index.php?rest_route=%2Fwp%2Fv2%2Fpages%2F301\"         data-lightbox-url=\"https:\/\/maaru.fr\/wp-admin\/admin-ajax.php?action=GalleryBox&#038;current_view=0&#038;gallery_id=10&#038;tag=0&#038;theme_id=1&#038;shortcode_id=25&#038;sort_by=order&#038;order_by=asc&#038;current_url=%2Findex.php%3Frest_route%3D%252Fwp%252Fv2%252Fpages%252F301\"         data-gallery-id=\"10\"         data-popup-width=\"800\"         data-popup-height=\"500\"         data-is-album=\"gallery\"         data-buttons-position=\"bottom\">      <div id=\"bwg_container2_0\">             <div id=\"ajax_loading_0\" class=\"bwg_loading_div_1\">      <div class=\"bwg_loading_div_2\">        <div class=\"bwg_loading_div_3\">          <div id=\"loading_div_0\" class=\"bwg_spider_ajax_loading\">          <\/div>        <\/div>      <\/div>    <\/div>            <form id=\"gal_front_form_0\"              class=\"bwg-hidden\"              method=\"post\"              action=\"#\"              data-current=\"0\"              data-shortcode-id=\"25\"              data-gallery-type=\"thumbnails\"              data-gallery-id=\"10\"              data-tag=\"0\"              data-album-id=\"0\"              data-theme-id=\"1\"              data-ajax-url=\"https:\/\/maaru.fr\/wp-admin\/admin-ajax.php?action=bwg_frontend_data\">          <div id=\"bwg_container3_0\" class=\"bwg-background bwg-background-0\">                <div data-max-count=\"5\"         data-thumbnail-width=\"250\"         data-bwg=\"0\"         data-gallery-id=\"10\"         data-lightbox-url=\"https:\/\/maaru.fr\/wp-admin\/admin-ajax.php?action=GalleryBox&amp;current_view=0&amp;gallery_id=10&amp;tag=0&amp;theme_id=1&amp;shortcode_id=25&amp;sort_by=order&amp;order_by=asc&amp;current_url=%2Findex.php%3Frest_route%3D%252Fwp%252Fv2%252Fpages%252F301\"         id=\"bwg_thumbnails_0\"         class=\"bwg-container-0 bwg-thumbnails bwg-standard-thumbnails bwg-container bwg-border-box\">            <div class=\"bwg-item\">        <a class=\"bwg-a  bwg_lightbox\"  data-image-id=\"178\" href=\"https:\/\/maaru.fr\/wp-content\/uploads\/photo-gallery\/Point_7_-_2019_05_27_web_3.jpg?bwg=1578385369\" data-elementor-open-lightbox=\"no\">                <div class=\"bwg-item0 \">          <div class=\"bwg-item1 bwg-zoom-effect\">            <div class=\"bwg-item2\">              <img decoding=\"async\" class=\"skip-lazy bwg_standart_thumb_img_0 \"                   data-id=\"178\"                   data-width=\"500\"                   data-height=\"333\"                   data-src=\"https:\/\/maaru.fr\/wp-content\/uploads\/photo-gallery\/thumb\/Point_7_-_2019_05_27_web_3.jpg?bwg=1578385369\"                   src=\"https:\/\/maaru.fr\/wp-content\/uploads\/photo-gallery\/thumb\/Point_7_-_2019_05_27_web_3.jpg?bwg=1578385369\"                   alt=\"\"                   title=\"\" \/>            <\/div>            <div class=\"bwg-zoom-effect-overlay\">              <div class=\"bwg-title1\"><div class=\"bwg-title2\">&nbsp;<\/div><\/div>                                        <\/div>          <\/div>        <\/div>                        <\/a>              <\/div>            <div class=\"bwg-item\">        <a class=\"bwg-a  bwg_lightbox\"  data-image-id=\"174\" href=\"https:\/\/maaru.fr\/wp-content\/uploads\/photo-gallery\/DPMR_intentions_web_3.jpg?bwg=1578385369\" data-elementor-open-lightbox=\"no\">                <div class=\"bwg-item0 \">          <div class=\"bwg-item1 bwg-zoom-effect\">            <div class=\"bwg-item2\">              <img decoding=\"async\" class=\"skip-lazy bwg_standart_thumb_img_0 \"                   data-id=\"174\"                   data-width=\"500\"                   data-height=\"333\"                   data-src=\"https:\/\/maaru.fr\/wp-content\/uploads\/photo-gallery\/thumb\/DPMR_intentions_web_3.jpg?bwg=1578385369\"                   src=\"https:\/\/maaru.fr\/wp-content\/uploads\/photo-gallery\/thumb\/DPMR_intentions_web_3.jpg?bwg=1578385369\"                   alt=\"\"                   title=\"\" \/>            <\/div>            <div class=\"bwg-zoom-effect-overlay\">              <div class=\"bwg-title1\"><div class=\"bwg-title2\">&nbsp;<\/div><\/div>                                        <\/div>          <\/div>        <\/div>                        <\/a>              <\/div>            <div class=\"bwg-item\">        <a class=\"bwg-a  bwg_lightbox\"  data-image-id=\"175\" href=\"https:\/\/maaru.fr\/wp-content\/uploads\/photo-gallery\/DMPR_photo_web_3.jpg?bwg=1578385369\" data-elementor-open-lightbox=\"no\">                <div class=\"bwg-item0 \">          <div class=\"bwg-item1 bwg-zoom-effect\">            <div class=\"bwg-item2\">              <img decoding=\"async\" class=\"skip-lazy bwg_standart_thumb_img_0 \"                   data-id=\"175\"                   data-width=\"500\"                   data-height=\"333\"                   data-src=\"https:\/\/maaru.fr\/wp-content\/uploads\/photo-gallery\/thumb\/DMPR_photo_web_3.jpg?bwg=1578385369\"                   src=\"https:\/\/maaru.fr\/wp-content\/uploads\/photo-gallery\/thumb\/DMPR_photo_web_3.jpg?bwg=1578385369\"                   alt=\"\"                   title=\"\" \/>            <\/div>            <div class=\"bwg-zoom-effect-overlay\">              <div class=\"bwg-title1\"><div class=\"bwg-title2\">&nbsp;<\/div><\/div>                                        <\/div>          <\/div>        <\/div>                        <\/a>              <\/div>            <div class=\"bwg-item\">        <a class=\"bwg-a  bwg_lightbox\"  data-image-id=\"177\" href=\"https:\/\/maaru.fr\/wp-content\/uploads\/photo-gallery\/DPMR_point_2_web_3.jpg?bwg=1578385369\" data-elementor-open-lightbox=\"no\">                <div class=\"bwg-item0 \">          <div class=\"bwg-item1 bwg-zoom-effect\">            <div class=\"bwg-item2\">              <img decoding=\"async\" class=\"skip-lazy bwg_standart_thumb_img_0 \"                   data-id=\"177\"                   data-width=\"500\"                   data-height=\"174\"                   data-src=\"https:\/\/maaru.fr\/wp-content\/uploads\/photo-gallery\/thumb\/DPMR_point_2_web_3.jpg?bwg=1578385369\"                   src=\"https:\/\/maaru.fr\/wp-content\/uploads\/photo-gallery\/thumb\/DPMR_point_2_web_3.jpg?bwg=1578385369\"                   alt=\"\"                   title=\"\" \/>            <\/div>            <div class=\"bwg-zoom-effect-overlay\">              <div class=\"bwg-title1\"><div class=\"bwg-title2\">&nbsp;<\/div><\/div>                                        <\/div>          <\/div>        <\/div>                        <\/a>              <\/div>            <div class=\"bwg-item\">        <a class=\"bwg-a  bwg_lightbox\"  data-image-id=\"173\" href=\"https:\/\/maaru.fr\/wp-content\/uploads\/photo-gallery\/DPMR_point_4_web_3.jpg?bwg=1578385368\" data-elementor-open-lightbox=\"no\">                <div class=\"bwg-item0 \">          <div class=\"bwg-item1 bwg-zoom-effect\">            <div class=\"bwg-item2\">              <img decoding=\"async\" class=\"skip-lazy bwg_standart_thumb_img_0 \"                   data-id=\"173\"                   data-width=\"500\"                   data-height=\"174\"                   data-src=\"https:\/\/maaru.fr\/wp-content\/uploads\/photo-gallery\/thumb\/DPMR_point_4_web_3.jpg?bwg=1578385368\"                   src=\"https:\/\/maaru.fr\/wp-content\/uploads\/photo-gallery\/thumb\/DPMR_point_4_web_3.jpg?bwg=1578385368\"                   alt=\"\"                   title=\"\" \/>            <\/div>            <div class=\"bwg-zoom-effect-overlay\">              <div class=\"bwg-title1\"><div class=\"bwg-title2\">&nbsp;<\/div><\/div>                                        <\/div>          <\/div>        <\/div>                        <\/a>              <\/div>            <div class=\"bwg-item\">        <a class=\"bwg-a  bwg_lightbox\"  data-image-id=\"172\" href=\"https:\/\/maaru.fr\/wp-content\/uploads\/photo-gallery\/DPMR_point_1_web_3.jpg?bwg=1578385368\" data-elementor-open-lightbox=\"no\">                <div class=\"bwg-item0 \">          <div class=\"bwg-item1 bwg-zoom-effect\">            <div class=\"bwg-item2\">              <img decoding=\"async\" class=\"skip-lazy bwg_standart_thumb_img_0 \"                   data-id=\"172\"                   data-width=\"500\"                   data-height=\"174\"                   data-src=\"https:\/\/maaru.fr\/wp-content\/uploads\/photo-gallery\/thumb\/DPMR_point_1_web_3.jpg?bwg=1578385368\"                   src=\"https:\/\/maaru.fr\/wp-content\/uploads\/photo-gallery\/thumb\/DPMR_point_1_web_3.jpg?bwg=1578385368\"                   alt=\"\"                   title=\"\" \/>            <\/div>            <div class=\"bwg-zoom-effect-overlay\">              <div class=\"bwg-title1\"><div class=\"bwg-title2\">&nbsp;<\/div><\/div>                                        <\/div>          <\/div>        <\/div>                        <\/a>              <\/div>            <div class=\"bwg-item\">        <a class=\"bwg-a  bwg_lightbox\"  data-image-id=\"176\" href=\"https:\/\/maaru.fr\/wp-content\/uploads\/photo-gallery\/DPMR_Plan_web_3.jpg?bwg=1578385369\" data-elementor-open-lightbox=\"no\">                <div class=\"bwg-item0 \">          <div class=\"bwg-item1 bwg-zoom-effect\">            <div class=\"bwg-item2\">              <img decoding=\"async\" class=\"skip-lazy bwg_standart_thumb_img_0 \"                   data-id=\"176\"                   data-width=\"500\"                   data-height=\"333\"                   data-src=\"https:\/\/maaru.fr\/wp-content\/uploads\/photo-gallery\/thumb\/DPMR_Plan_web_3.jpg?bwg=1578385369\"                   src=\"https:\/\/maaru.fr\/wp-content\/uploads\/photo-gallery\/thumb\/DPMR_Plan_web_3.jpg?bwg=1578385369\"                   alt=\"\"                   title=\"\" \/>            <\/div>            <div class=\"bwg-zoom-effect-overlay\">              <div class=\"bwg-title1\"><div class=\"bwg-title2\">&nbsp;<\/div><\/div>                                        <\/div>          <\/div>        <\/div>                        <\/a>              <\/div>          <\/div>    <style>      \/*pagination styles*\/      #bwg_container1_0 #bwg_container2_0 .tablenav-pages_0 {\t\t\t\ttext-align: center;\t\t\t\tfont-size: 12px;\t\t\t\tfont-family: Ubuntu;\t\t\t\tfont-weight: bold;\t\t\t\tcolor: #666666;\t\t\t\tmargin: 6px 0 4px;\t\t\t\tdisplay: block;      }      @media only screen and (max-width : 320px) {      #bwg_container1_0 #bwg_container2_0 .displaying-num_0 {     \t display: none;      }      }      #bwg_container1_0 #bwg_container2_0 .displaying-num_0 {\t\t\t\tfont-size: 12px;\t\t\t\tfont-family: Ubuntu;\t\t\t\tfont-weight: bold;\t\t\t\tcolor: #666666;\t\t\t\tmargin-right: 10px;\t\t\t\tvertical-align: middle;      }      #bwg_container1_0 #bwg_container2_0 .paging-input_0 {\t\t\t\tfont-size: 12px;\t\t\t\tfont-family: Ubuntu;\t\t\t\tfont-weight: bold;\t\t\t\tcolor: #666666;\t\t\t\tvertical-align: middle;      }      #bwg_container1_0 #bwg_container2_0 .tablenav-pages_0 a.disabled,      #bwg_container1_0 #bwg_container2_0 .tablenav-pages_0 a.disabled:hover,      #bwg_container1_0 #bwg_container2_0 .tablenav-pages_0 a.disabled:focus,\t\t\t#bwg_container1_0 #bwg_container2_0 .tablenav-pages_0 input.bwg_current_page {\t\t\t\tcursor: default;\t\t\t\tcolor: rgba(102, 102, 102, 0.5);      }      #bwg_container1_0 #bwg_container2_0 .tablenav-pages_0 a,      #bwg_container1_0 #bwg_container2_0 .tablenav-pages_0 input.bwg_current_page {\t\t\t\tcursor: pointer;\t\t\t\ttext-align: center;\t\t\t\tfont-size: 12px;\t\t\t\tfont-family: Ubuntu;\t\t\t\tfont-weight: bold;\t\t\t\tcolor: #666666;\t\t\t\ttext-decoration: none;\t\t\t\tpadding: 3px 6px;\t\t\t\tmargin: 0;\t\t\t\tborder-radius: 0;\t\t\t\tborder-style: solid;\t\t\t\tborder-width: 1px;\t\t\t\tborder-color: #E3E3E3;\t\t\t\t\t\t\t\tbackground-color: rgba(255, 255, 255, 1.00);\t\t\t\tbox-shadow: 0;\t\t\t\ttransition: all 0.3s ease 0s;-webkit-transition: all 0.3s ease 0s;      }      <\/style>      <span class=\"bwg_nav_cont_0\">              <div class=\"tablenav-pages_0\">                  <\/div>                <input type=\"hidden\" id=\"page_number_0\" name=\"page_number_0\" value=\"1\" \/>      <script type=\"text\/javascript\">        if( jQuery('.bwg_nav_cont_0').length > 1 ) {          jQuery('.bwg_nav_cont_0').first().remove()        }        function spider_page_0(cur, x, y, load_more) {          if (typeof load_more == \"undefined\") {            var load_more = false;          }          if (jQuery(cur).hasClass('disabled')) {            return false;          }          var items_county_0 = 1;          switch (y) {            case 1:              if (x >= items_county_0) {                document.getElementById('page_number_0').value = items_county_0;              }              else {                document.getElementById('page_number_0').value = x + 1;              }              break;            case 2:              document.getElementById('page_number_0').value = items_county_0;              break;            case -1:              if (x == 1) {                document.getElementById('page_number_0').value = 1;              }              else {                document.getElementById('page_number_0').value = x - 1;              }              break;            case -2:              document.getElementById('page_number_0').value = 1;              break;\t\t\t\t\t\tcase 0:              document.getElementById('page_number_0').value = x;              break;            default:              document.getElementById('page_number_0').value = 1;          }          bwg_ajax('gal_front_form_0', '0', 'bwg_thumbnails_0', '0', '', 'gallery', 0, '', '', load_more, '', 1);        }                    jQuery('.first-page-0').on('click', function () {              spider_page_0(this, 1, -2, 'numeric');              return false;            });            jQuery('.prev-page-0').on('click', function () {              spider_page_0(this, 1, -1, 'numeric');              return false;            });            jQuery('.next-page-0').on('click', function () {              spider_page_0(this, 1, 1, 'numeric');              return false;            });            jQuery('.last-page-0').on('click', function () {              spider_page_0(this, 1, 2, 'numeric');              return false;            });        \t\t\t\t\/* Change page on input enter. *\/        function bwg_change_page_0( e, that ) {          if (  e.key == 'Enter' ) {            var to_page = parseInt(jQuery(that).val());            var pages_count = jQuery(that).parents(\".pagination-links\").data(\"pages-count\");            var current_url_param = jQuery(that).attr('data-url-info');            if (to_page > pages_count) {              to_page = 1;            }\t \t\t\t\t\t\t\t\t\t\t\t\tspider_page_0(this, to_page, 0, 'numeric');\t\t\t\t\t\t\treturn false;\t\t\t\t\t\t          }          return true;        }        jQuery('.bwg_load_btn_0').on('click', function () {            spider_page_0(this, 1, 1, true);            return false;        });      <\/script>      <\/span>                <\/div>        <\/form>        <style>          #bwg_container1_0 #bwg_container2_0 #spider_popup_overlay_0 {          background-color: #EEEEEE;          opacity: 0.60;          }          <\/style>        <div id=\"bwg_spider_popup_loading_0\" class=\"bwg_spider_popup_loading\"><\/div>        <div id=\"spider_popup_overlay_0\" class=\"spider_popup_overlay\" onclick=\"spider_destroypopup(1000)\"><\/div>        <input type=\"hidden\" id=\"bwg_random_seed_0\" value=\"9920063\">                <\/div>    <\/div>    <script>      if (document.readyState === 'complete') {        if( typeof bwg_main_ready == 'function' ) {          if ( jQuery(\"#bwg_container1_0\").height() ) {            bwg_main_ready(jQuery(\"#bwg_container1_0\"));          }        }      } else {        document.addEventListener('DOMContentLoaded', function() {          if( typeof bwg_main_ready == 'function' ) {            if ( jQuery(\"#bwg_container1_0\").height() ) {             bwg_main_ready(jQuery(\"#bwg_container1_0\"));            }          }        });      }    <\/script>    <\/h5>\n<h5><strong>Accessibilit\u00e9 <\/strong><strong>aux personnes \u00e0 mobilit\u00e9 de r\u00e9duite <\/strong><strong>du site de la D\u00e9fense [92]<\/strong><\/h5>\n<p>Paris La D\u00e9fense &#8230;<em>ma\u00eetre d\u2019ouvrage<\/em><\/p>\n<p>MAARU<em> &#8230;architecte urbaniste mandataire<br>\n<\/em>Atelier RIVAGES<em> &#8230;architecte urbaniste associ\u00e9<\/em><br>\nOGI &#8230;<em>BET<\/em><em><br>\n<\/em><\/p>\n<p>2 000 000 \u20ac HT .<em>..montant pr\u00e9visionnel des travaux<\/em><\/p>\n<p>2017 <em>&#8230;d\u00e9marrage de la mission<br>\n<\/em><\/p>\n\n\n<p><strong>Le contexte <\/strong><br>La mission s\u2019inscrit dans une volont\u00e9 politique de rendre la dalle de la D\u00e9fense accessible \u00e0 tous. Les \u00e9tudes ont d\u00e9marr\u00e9 au d\u00e9but de l\u2019ann\u00e9e 2017 et en sont aujourd\u2019hui en phase PRO, apr\u00e8s une interruption de la mission.<\/p>\n\n\n\n<p><strong>La mission et son \u00e9tendue<\/strong><br>La mission comporte deux volets :<\/p>\n\n\n\n<ul class=\"wp-block-list\"><li>la mise en conformit\u00e9 de 4 cheminements, par la mise en place de bandes de guidage et le traitement des obstacles ;<\/li><li>la cr\u00e9ation de nouveaux franchissements de d\u00e9nivel\u00e9s aux pentes accessibles.<\/li><\/ul>\n\n\n\n<p> Les probl\u00e9matiques abord\u00e9es rel\u00e8vent \u00e0 la fois de l\u2019am\u00e9nagement urbain, du paysage et du b\u00e2timent. <\/p>\n\n\n\n<p><strong>L\u2019\u00e9quipe<\/strong><br>Cette mission est l\u2019occasion d\u2019une premi\u00e8re co-traitance entre l\u2019Atelier Rivges, OGI et MAARU, dont les diff\u00e9rents membres ont collabor\u00e9 ensemble lorsque Gr\u00e9goire Mulcey, cofondateur de Rivages, et Andrzej Michalski \u00e9taient charg\u00e9s de projets \u00e0 l\u2019agence de Pierre Gangnet.<\/p>\n","protected":false},"excerpt":{"rendered":"<p>Accessibilit\u00e9 aux personnes \u00e0 mobilit\u00e9 de r\u00e9duite du site de la D\u00e9fense [92] Paris La&#8230;<\/p>\n","protected":false},"author":1,"featured_media":0,"parent":0,"menu_order":0,"comment_status":"closed","ping_status":"closed","template":"","meta":{"footnotes":""},"class_list":["post-301","page","type-page","status-publish","hentry"],"_links":{"self":[{"href":"https:\/\/maaru.fr\/index.php?rest_route=\/wp\/v2\/pages\/301","targetHints":{"allow":["GET"]}}],"collection":[{"href":"https:\/\/maaru.fr\/index.php?rest_route=\/wp\/v2\/pages"}],"about":[{"href":"https:\/\/maaru.fr\/index.php?rest_route=\/wp\/v2\/types\/page"}],"author":[{"embeddable":true,"href":"https:\/\/maaru.fr\/index.php?rest_route=\/wp\/v2\/users\/1"}],"replies":[{"embeddable":true,"href":"https:\/\/maaru.fr\/index.php?rest_route=%2Fwp%2Fv2%2Fcomments&post=301"}],"version-history":[{"count":17,"href":"https:\/\/maaru.fr\/index.php?rest_route=\/wp\/v2\/pages\/301\/revisions"}],"predecessor-version":[{"id":1286,"href":"https:\/\/maaru.fr\/index.php?rest_route=\/wp\/v2\/pages\/301\/revisions\/1286"}],"wp:attachment":[{"href":"https:\/\/maaru.fr\/index.php?rest_route=%2Fwp%2Fv2%2Fmedia&parent=301"}],"curies":[{"name":"wp","href":"https:\/\/api.w.org\/{rel}","templated":true}]}}