{"id":1033,"date":"2020-01-27T12:10:29","date_gmt":"2020-01-27T12:10:29","guid":{"rendered":"http:\/\/maaru.fr\/?page_id=1033"},"modified":"2023-06-19T19:55:50","modified_gmt":"2023-06-19T19:55:50","slug":"la-zac-tolbiac-chevaleret-2","status":"publish","type":"page","link":"https:\/\/maaru.fr\/?page_id=1033","title":{"rendered":"Massena : espaces publics"},"content":{"rendered":"\n<style id=\"bwg-style-0\">    #bwg_container1_0 #bwg_container2_0 .bwg-container-0.bwg-standard-thumbnails {      width: 1254px;              justify-content: center;        margin:0 auto !important;              background-color: rgba(255, 255, 255, 0.00);            padding-left: 4px;      padding-top: 4px;      max-width: 100%;            }        #bwg_container1_0 #bwg_container2_0 .bwg-container-0.bwg-standard-thumbnails .bwg-item {    justify-content: flex-start;      max-width: 250px;          }    #bwg_container1_0 #bwg_container2_0 .bwg-container-0.bwg-standard-thumbnails .bwg-item a {       margin-right: 4px;       margin-bottom: 4px;    }    #bwg_container1_0 #bwg_container2_0 .bwg-container-0.bwg-standard-thumbnails .bwg-item0 {      padding: 0px;            background-color:rgba(0,0,0, 0.30);      border: 0px none #CCCCCC;      opacity: 1.00;      border-radius: 0;      box-shadow: ;    }    #bwg_container1_0 #bwg_container2_0 .bwg-container-0.bwg-standard-thumbnails .bwg-item1 img {      max-height: none;      max-width: none;      padding: 0 !important;    }         @media only screen and (min-width: 480px) {\t\t#bwg_container1_0 #bwg_container2_0 .bwg-container-0.bwg-standard-thumbnails .bwg-item1 img {\t\t\t-webkit-transition: all .3s; transition: all .3s;\t\t}\t\t#bwg_container1_0 #bwg_container2_0 .bwg-container-0.bwg-standard-thumbnails .bwg-item1 img:hover {\t\t\t-ms-transform: scale(1.08);\t\t\t-webkit-transform: scale(1.08);\t\t\ttransform: scale(1.08);\t\t}\t\t\t\t.bwg-standard-thumbnails .bwg-zoom-effect .bwg-zoom-effect-overlay {\t\t\t\t\t\tbackground-color:rgba(0,0,0, 0.3);\t\t}\t\t.bwg-standard-thumbnails .bwg-zoom-effect:hover img {\t\t\t-ms-transform: scale(1.08);\t\t\t-webkit-transform: scale(1.08);\t\t\ttransform: scale(1.08);\t\t}\t\t      }\t    #bwg_container1_0 #bwg_container2_0 .bwg-container-0.bwg-standard-thumbnails .bwg-item1 {      padding-top: 56%;    }        #bwg_container1_0 #bwg_container2_0 .bwg-container-0.bwg-standard-thumbnails .bwg-title1 {      position: absolute;      top: 0;      z-index: 100;      width: 100%;      height: 100%;      display: flex;      justify-content: center;      align-content: center;      flex-direction: column;      opacity: 0;    }\t      #bwg_container1_0 #bwg_container2_0 .bwg-container-0.bwg-standard-thumbnails .bwg-title2,    #bwg_container1_0 #bwg_container2_0 .bwg-container-0.bwg-standard-thumbnails .bwg-ecommerce2 {      color: #FFFFFF;      font-family: Ubuntu;      font-size: 16px;      font-weight: bold;      padding: 2px;      text-shadow: ;      max-height: 100%;    }    #bwg_container1_0 #bwg_container2_0 .bwg-container-0.bwg-standard-thumbnails .bwg-thumb-description span {    color: #323A45;    font-family: Ubuntu;    font-size: 12px;    max-height: 100%;    word-wrap: break-word;    }    #bwg_container1_0 #bwg_container2_0 .bwg-container-0.bwg-standard-thumbnails .bwg-play-icon2 {      font-size: 32px;    }    #bwg_container1_0 #bwg_container2_0 .bwg-container-0.bwg-standard-thumbnails .bwg-ecommerce2 {      font-size: 19.2px;      color: #323A45;    }    <\/style>    <div id=\"bwg_container1_0\"         class=\"bwg_container bwg_thumbnail bwg_thumbnails \"         data-right-click-protection=\"0\"         data-bwg=\"0\"         data-scroll=\"0\"         data-gallery-type=\"thumbnails\"         data-gallery-view-type=\"thumbnails\"         data-current-url=\"\/index.php?rest_route=%2Fwp%2Fv2%2Fpages%2F1033\"         data-lightbox-url=\"https:\/\/maaru.fr\/wp-admin\/admin-ajax.php?action=GalleryBox&#038;current_view=0&#038;gallery_id=22&#038;tag=0&#038;theme_id=1&#038;shortcode_id=50&#038;sort_by=order&#038;order_by=asc&#038;current_url=%2Findex.php%3Frest_route%3D%252Fwp%252Fv2%252Fpages%252F1033\"         data-gallery-id=\"22\"         data-popup-width=\"800\"         data-popup-height=\"500\"         data-is-album=\"gallery\"         data-buttons-position=\"bottom\">      <div id=\"bwg_container2_0\">             <div id=\"ajax_loading_0\" class=\"bwg_loading_div_1\">      <div class=\"bwg_loading_div_2\">        <div class=\"bwg_loading_div_3\">          <div id=\"loading_div_0\" class=\"bwg_spider_ajax_loading\">          <\/div>        <\/div>      <\/div>    <\/div>            <form id=\"gal_front_form_0\"              class=\"bwg-hidden\"              method=\"post\"              action=\"#\"              data-current=\"0\"              data-shortcode-id=\"50\"              data-gallery-type=\"thumbnails\"              data-gallery-id=\"22\"              data-tag=\"0\"              data-album-id=\"0\"              data-theme-id=\"1\"              data-ajax-url=\"https:\/\/maaru.fr\/wp-admin\/admin-ajax.php?action=bwg_frontend_data\">          <div id=\"bwg_container3_0\" class=\"bwg-background bwg-background-0\">                <div data-max-count=\"5\"         data-thumbnail-width=\"250\"         data-bwg=\"0\"         data-gallery-id=\"22\"         data-lightbox-url=\"https:\/\/maaru.fr\/wp-admin\/admin-ajax.php?action=GalleryBox&amp;current_view=0&amp;gallery_id=22&amp;tag=0&amp;theme_id=1&amp;shortcode_id=50&amp;sort_by=order&amp;order_by=asc&amp;current_url=%2Findex.php%3Frest_route%3D%252Fwp%252Fv2%252Fpages%252F1033\"         id=\"bwg_thumbnails_0\"         class=\"bwg-container-0 bwg-thumbnails bwg-standard-thumbnails bwg-container bwg-border-box\">            <div class=\"bwg-item\">        <a class=\"bwg-a  bwg_lightbox\"  data-image-id=\"314\" href=\"https:\/\/maaru.fr\/wp-content\/uploads\/photo-gallery\/IMG_5015_web_3.jpg?bwg=1580127583\" data-elementor-open-lightbox=\"no\">                <div class=\"bwg-item0 \">          <div class=\"bwg-item1 bwg-zoom-effect\">            <div class=\"bwg-item2\">              <img decoding=\"async\" class=\"skip-lazy bwg_standart_thumb_img_0 \"                   data-id=\"314\"                   data-width=\"500\"                   data-height=\"333\"                   data-src=\"https:\/\/maaru.fr\/wp-content\/uploads\/photo-gallery\/thumb\/IMG_5015_web_3.jpg?bwg=1580127583\"                   src=\"https:\/\/maaru.fr\/wp-content\/uploads\/photo-gallery\/thumb\/IMG_5015_web_3.jpg?bwg=1580127583\"                   alt=\"\"                   title=\"\" \/>            <\/div>            <div class=\"bwg-zoom-effect-overlay\">              <div class=\"bwg-title1\"><div class=\"bwg-title2\">&nbsp;<\/div><\/div>                                        <\/div>          <\/div>        <\/div>                        <\/a>              <\/div>            <div class=\"bwg-item\">        <a class=\"bwg-a  bwg_lightbox\"  data-image-id=\"315\" href=\"https:\/\/maaru.fr\/wp-content\/uploads\/photo-gallery\/IMG_5019_web_3.jpg?bwg=1580127583\" data-elementor-open-lightbox=\"no\">                <div class=\"bwg-item0 \">          <div class=\"bwg-item1 bwg-zoom-effect\">            <div class=\"bwg-item2\">              <img decoding=\"async\" class=\"skip-lazy bwg_standart_thumb_img_0 \"                   data-id=\"315\"                   data-width=\"333\"                   data-height=\"500\"                   data-src=\"https:\/\/maaru.fr\/wp-content\/uploads\/photo-gallery\/thumb\/IMG_5019_web_3.jpg?bwg=1580127583\"                   src=\"https:\/\/maaru.fr\/wp-content\/uploads\/photo-gallery\/thumb\/IMG_5019_web_3.jpg?bwg=1580127583\"                   alt=\"\"                   title=\"\" \/>            <\/div>            <div class=\"bwg-zoom-effect-overlay\">              <div class=\"bwg-title1\"><div class=\"bwg-title2\">&nbsp;<\/div><\/div>                                        <\/div>          <\/div>        <\/div>                        <\/a>              <\/div>            <div class=\"bwg-item\">        <a class=\"bwg-a  bwg_lightbox\"  data-image-id=\"318\" href=\"https:\/\/maaru.fr\/wp-content\/uploads\/photo-gallery\/TDSV67-U31-1600-0-Ouvrages-7_copie_web_3.jpg?bwg=1580127583\" data-elementor-open-lightbox=\"no\">                <div class=\"bwg-item0 \">          <div class=\"bwg-item1 bwg-zoom-effect\">            <div class=\"bwg-item2\">              <img decoding=\"async\" class=\"skip-lazy bwg_standart_thumb_img_0 \"                   data-id=\"318\"                   data-width=\"500\"                   data-height=\"340\"                   data-src=\"https:\/\/maaru.fr\/wp-content\/uploads\/photo-gallery\/thumb\/TDSV67-U31-1600-0-Ouvrages-7_copie_web_3.jpg?bwg=1580127583\"                   src=\"https:\/\/maaru.fr\/wp-content\/uploads\/photo-gallery\/thumb\/TDSV67-U31-1600-0-Ouvrages-7_copie_web_3.jpg?bwg=1580127583\"                   alt=\"\"                   title=\"\" \/>            <\/div>            <div class=\"bwg-zoom-effect-overlay\">              <div class=\"bwg-title1\"><div class=\"bwg-title2\">&nbsp;<\/div><\/div>                                        <\/div>          <\/div>        <\/div>                        <\/a>              <\/div>            <div class=\"bwg-item\">        <a class=\"bwg-a  bwg_lightbox\"  data-image-id=\"313\" href=\"https:\/\/maaru.fr\/wp-content\/uploads\/photo-gallery\/TDSV67-U31-1600-0-Ascenseur_copie_web_3.jpg?bwg=1580127583\" data-elementor-open-lightbox=\"no\">                <div class=\"bwg-item0 \">          <div class=\"bwg-item1 bwg-zoom-effect\">            <div class=\"bwg-item2\">              <img decoding=\"async\" class=\"skip-lazy bwg_standart_thumb_img_0 \"                   data-id=\"313\"                   data-width=\"500\"                   data-height=\"353\"                   data-src=\"https:\/\/maaru.fr\/wp-content\/uploads\/photo-gallery\/thumb\/TDSV67-U31-1600-0-Ascenseur_copie_web_3.jpg?bwg=1580127583\"                   src=\"https:\/\/maaru.fr\/wp-content\/uploads\/photo-gallery\/thumb\/TDSV67-U31-1600-0-Ascenseur_copie_web_3.jpg?bwg=1580127583\"                   alt=\"\"                   title=\"\" \/>            <\/div>            <div class=\"bwg-zoom-effect-overlay\">              <div class=\"bwg-title1\"><div class=\"bwg-title2\">&nbsp;<\/div><\/div>                                        <\/div>          <\/div>        <\/div>                        <\/a>              <\/div>            <div class=\"bwg-item\">        <a class=\"bwg-a  bwg_lightbox\"  data-image-id=\"316\" href=\"https:\/\/maaru.fr\/wp-content\/uploads\/photo-gallery\/TDSV67-U31-1200-0-Coupes-3_coupe_EP05_50_c_web_3.jpg?bwg=1580127583\" data-elementor-open-lightbox=\"no\">                <div class=\"bwg-item0 \">          <div class=\"bwg-item1 bwg-zoom-effect\">            <div class=\"bwg-item2\">              <img decoding=\"async\" class=\"skip-lazy bwg_standart_thumb_img_0 \"                   data-id=\"316\"                   data-width=\"500\"                   data-height=\"311\"                   data-src=\"https:\/\/maaru.fr\/wp-content\/uploads\/photo-gallery\/thumb\/TDSV67-U31-1200-0-Coupes-3_coupe_EP05_50_c_web_3.jpg?bwg=1580127583\"                   src=\"https:\/\/maaru.fr\/wp-content\/uploads\/photo-gallery\/thumb\/TDSV67-U31-1200-0-Coupes-3_coupe_EP05_50_c_web_3.jpg?bwg=1580127583\"                   alt=\"\"                   title=\"\" \/>            <\/div>            <div class=\"bwg-zoom-effect-overlay\">              <div class=\"bwg-title1\"><div class=\"bwg-title2\">&nbsp;<\/div><\/div>                                        <\/div>          <\/div>        <\/div>                        <\/a>              <\/div>            <div class=\"bwg-item\">        <a class=\"bwg-a  bwg_lightbox\"  data-image-id=\"317\" href=\"https:\/\/maaru.fr\/wp-content\/uploads\/photo-gallery\/TDSV67-U31-1350-0-D\u00e9tails_de_calepinage-3_copie_web_3.jpg?bwg=1580127583\" data-elementor-open-lightbox=\"no\">                <div class=\"bwg-item0 \">          <div class=\"bwg-item1 bwg-zoom-effect\">            <div class=\"bwg-item2\">              <img decoding=\"async\" class=\"skip-lazy bwg_standart_thumb_img_0 \"                   data-id=\"317\"                   data-width=\"500\"                   data-height=\"327\"                   data-src=\"https:\/\/maaru.fr\/wp-content\/uploads\/photo-gallery\/thumb\/TDSV67-U31-1350-0-D\u00e9tails_de_calepinage-3_copie_web_3.jpg?bwg=1580127583\"                   src=\"https:\/\/maaru.fr\/wp-content\/uploads\/photo-gallery\/thumb\/TDSV67-U31-1350-0-D\u00e9tails_de_calepinage-3_copie_web_3.jpg?bwg=1580127583\"                   alt=\"\"                   title=\"\" \/>            <\/div>            <div class=\"bwg-zoom-effect-overlay\">              <div class=\"bwg-title1\"><div class=\"bwg-title2\">&nbsp;<\/div><\/div>                                        <\/div>          <\/div>        <\/div>                        <\/a>              <\/div>          <\/div>    <style>      \/*pagination styles*\/      #bwg_container1_0 #bwg_container2_0 .tablenav-pages_0 {\t\t\t\ttext-align: center;\t\t\t\tfont-size: 12px;\t\t\t\tfont-family: Ubuntu;\t\t\t\tfont-weight: bold;\t\t\t\tcolor: #666666;\t\t\t\tmargin: 6px 0 4px;\t\t\t\tdisplay: block;      }      @media only screen and (max-width : 320px) {      #bwg_container1_0 #bwg_container2_0 .displaying-num_0 {     \t display: none;      }      }      #bwg_container1_0 #bwg_container2_0 .displaying-num_0 {\t\t\t\tfont-size: 12px;\t\t\t\tfont-family: Ubuntu;\t\t\t\tfont-weight: bold;\t\t\t\tcolor: #666666;\t\t\t\tmargin-right: 10px;\t\t\t\tvertical-align: middle;      }      #bwg_container1_0 #bwg_container2_0 .paging-input_0 {\t\t\t\tfont-size: 12px;\t\t\t\tfont-family: Ubuntu;\t\t\t\tfont-weight: bold;\t\t\t\tcolor: #666666;\t\t\t\tvertical-align: middle;      }      #bwg_container1_0 #bwg_container2_0 .tablenav-pages_0 a.disabled,      #bwg_container1_0 #bwg_container2_0 .tablenav-pages_0 a.disabled:hover,      #bwg_container1_0 #bwg_container2_0 .tablenav-pages_0 a.disabled:focus,\t\t\t#bwg_container1_0 #bwg_container2_0 .tablenav-pages_0 input.bwg_current_page {\t\t\t\tcursor: default;\t\t\t\tcolor: rgba(102, 102, 102, 0.5);      }      #bwg_container1_0 #bwg_container2_0 .tablenav-pages_0 a,      #bwg_container1_0 #bwg_container2_0 .tablenav-pages_0 input.bwg_current_page {\t\t\t\tcursor: pointer;\t\t\t\ttext-align: center;\t\t\t\tfont-size: 12px;\t\t\t\tfont-family: Ubuntu;\t\t\t\tfont-weight: bold;\t\t\t\tcolor: #666666;\t\t\t\ttext-decoration: none;\t\t\t\tpadding: 3px 6px;\t\t\t\tmargin: 0;\t\t\t\tborder-radius: 0;\t\t\t\tborder-style: solid;\t\t\t\tborder-width: 1px;\t\t\t\tborder-color: #E3E3E3;\t\t\t\t\t\t\t\tbackground-color: rgba(255, 255, 255, 1.00);\t\t\t\tbox-shadow: 0;\t\t\t\ttransition: all 0.3s ease 0s;-webkit-transition: all 0.3s ease 0s;      }      <\/style>      <span class=\"bwg_nav_cont_0\">              <div class=\"tablenav-pages_0\">                  <\/div>                <input type=\"hidden\" id=\"page_number_0\" name=\"page_number_0\" value=\"1\" \/>      <script type=\"text\/javascript\">        if( jQuery('.bwg_nav_cont_0').length > 1 ) {          jQuery('.bwg_nav_cont_0').first().remove()        }        function spider_page_0(cur, x, y, load_more) {          if (typeof load_more == \"undefined\") {            var load_more = false;          }          if (jQuery(cur).hasClass('disabled')) {            return false;          }          var items_county_0 = 1;          switch (y) {            case 1:              if (x >= items_county_0) {                document.getElementById('page_number_0').value = items_county_0;              }              else {                document.getElementById('page_number_0').value = x + 1;              }              break;            case 2:              document.getElementById('page_number_0').value = items_county_0;              break;            case -1:              if (x == 1) {                document.getElementById('page_number_0').value = 1;              }              else {                document.getElementById('page_number_0').value = x - 1;              }              break;            case -2:              document.getElementById('page_number_0').value = 1;              break;\t\t\t\t\t\tcase 0:              document.getElementById('page_number_0').value = x;              break;            default:              document.getElementById('page_number_0').value = 1;          }          bwg_ajax('gal_front_form_0', '0', 'bwg_thumbnails_0', '0', '', 'gallery', 0, '', '', load_more, '', 1);        }                    jQuery('.first-page-0').on('click', function () {              spider_page_0(this, 1, -2, 'numeric');              return false;            });            jQuery('.prev-page-0').on('click', function () {              spider_page_0(this, 1, -1, 'numeric');              return false;            });            jQuery('.next-page-0').on('click', function () {              spider_page_0(this, 1, 1, 'numeric');              return false;            });            jQuery('.last-page-0').on('click', function () {              spider_page_0(this, 1, 2, 'numeric');              return false;            });        \t\t\t\t\/* Change page on input enter. *\/        function bwg_change_page_0( e, that ) {          if (  e.key == 'Enter' ) {            var to_page = parseInt(jQuery(that).val());            var pages_count = jQuery(that).parents(\".pagination-links\").data(\"pages-count\");            var current_url_param = jQuery(that).attr('data-url-info');            if (to_page > pages_count) {              to_page = 1;            }\t \t\t\t\t\t\t\t\t\t\t\t\tspider_page_0(this, to_page, 0, 'numeric');\t\t\t\t\t\t\treturn false;\t\t\t\t\t\t          }          return true;        }        jQuery('.bwg_load_btn_0').on('click', function () {            spider_page_0(this, 1, 1, true);            return false;        });      <\/script>      <\/span>                <\/div>        <\/form>        <style>          #bwg_container1_0 #bwg_container2_0 #spider_popup_overlay_0 {          background-color: #EEEEEE;          opacity: 0.60;          }          <\/style>        <div id=\"bwg_spider_popup_loading_0\" class=\"bwg_spider_popup_loading\"><\/div>        <div id=\"spider_popup_overlay_0\" class=\"spider_popup_overlay\" onclick=\"spider_destroypopup(1000)\"><\/div>        <input type=\"hidden\" id=\"bwg_random_seed_0\" value=\"1427017766\">                <\/div>    <\/div>    <script>      if (document.readyState === 'complete') {        if( typeof bwg_main_ready == 'function' ) {          if ( jQuery(\"#bwg_container1_0\").height() ) {            bwg_main_ready(jQuery(\"#bwg_container1_0\"));          }        }      } else {        document.addEventListener('DOMContentLoaded', function() {          if( typeof bwg_main_ready == 'function' ) {            if ( jQuery(\"#bwg_container1_0\").height() ) {             bwg_main_ready(jQuery(\"#bwg_container1_0\"));            }          }        });      }    <\/script>    \n\n\n\n<h4 class=\"wp-block-heading\">Ma\u00eetrise d\u2019\u0153uvre pour l\u2019am\u00e9nagement de la promenade plant\u00e9e Claude L\u00e9vi-Strauss [T7 et T6c]<\/h4>\n\n\n\n<p>SEMAPA \u2026<em>ma\u00eetre d\u2019ouvrag<\/em>e<\/p>\n\n\n\n<p>Andrzej Michalski &#8230;<em>collaborateur architecte urbaniste<\/em><br>Pierre Gangnet<em> &#8230;architecte urbaniste mandataire<\/em><br>Empreinte &#8230;<em>paysagiste<\/em><br>LEA &#8230;<em>\u00e9clairagiste<\/em><br>Artelia &#8230;<em>BET<\/em><\/p>\n\n\n\n<p>8 460 m\u00b2 <em>\u2026superficie<\/em><br>4 780 000 \u20ac HT .<em>..montant des travaux<\/em><\/p>\n\n\n\n<p>2014-2018 <em>\u2026projet et r\u00e9alisati<\/em>on<\/p>\n\n\n\n<p> <\/p>\n\n\n\n<p><strong>Le contexte<\/strong><br>La promenade Claude L\u00e9vi-Strauss se trouve dans le secteur Tolbiac-Chevaleret de la ZAC Seine-Rive-Gauche. Elle est un des aboutissements de l\u2019\u00e9volution du projet laur\u00e9at du concours organis\u00e9 en 2004, l\u2019incarnation finale de ce qu\u2019\u00e9tait initialement dans le projet un grand parc sis \u00e0 flanc de coteau, entre la couverture des voies ferr\u00e9es et la rue du Chevaleret. L\u2019am\u00e9nagement des dalles T7 et T6C a \u00e9t\u00e9 la deuxi\u00e8me tranche d\u2019am\u00e9nagement des espaces de la promenade, apr\u00e8s la dalle T8, les num\u00e9ros de dalles se r\u00e9f\u00e9rant ici aux \u00eelots qu\u2019elles bordent et parfois supportent.<\/p>\n\n\n\n<p><strong>Le projet<\/strong><br>A l\u2019image du plan-masse du secteur, le projet d\u2019espace public est d\u00e9coup\u00e9 en lani\u00e8res longitudinales : <\/p>\n\n\n\n<ul class=\"wp-block-list\"><li>une voie pi\u00e9tonne mais pompiers au pied des b\u00e2timents, rev\u00eatue de granit ;<\/li><li>une bande constitu\u00e9e de jardins, travers\u00e9e de chemins en dalles calcaires agenc\u00e9es en opus incertum, <\/li><li>une promenade pi\u00e9tonne surplombant partiellement la rue du Chevaleret, o\u00f9 revient le granit,<\/li><li>un mur de fa\u00e7ade donnant sur la rue, rev\u00eatu de pierre calcaire,  int\u00e9grant escaliers, ascenseurs et fa\u00e7ades commerciales au niveau de la  rue. <\/li><\/ul>\n\n\n\n<p>L\u2019am\u00e9nagement, qui prend \u00e9galement en compte les espaces situ\u00e9s entre les \u00eelots qui bordent l\u2019avenue de France a enti\u00e8rement \u00e9t\u00e9 r\u00e9alis\u00e9 au-dessus des voies ferr\u00e9es, dans une situation de dalle. A ce titre, sa conception tient compte des questions complexes de r\u00e9seaux passant en galeries, de joints de dilatation au pied des b\u00e2timents ou en parties courantes, aux questions de portance et de nature des remblais, mais aussi de phasage, li\u00e9 notamment \u00e0 la pr\u00e9sence de chantiers des b\u00e2timents riverains, dont certains dans la ZAC supportent la dalle porteuse des espaces publics.<\/p>\n\n\n\n<p><\/p>\n","protected":false},"excerpt":{"rendered":"<p>Ma\u00eetrise d\u2019\u0153uvre pour l\u2019am\u00e9nagement de la promenade plant\u00e9e Claude L\u00e9vi-Strauss [T7 et T6c] SEMAPA \u2026ma\u00eetre&#8230;<\/p>\n","protected":false},"author":1,"featured_media":0,"parent":0,"menu_order":0,"comment_status":"closed","ping_status":"closed","template":"","meta":{"footnotes":""},"class_list":["post-1033","page","type-page","status-publish","hentry"],"_links":{"self":[{"href":"https:\/\/maaru.fr\/index.php?rest_route=\/wp\/v2\/pages\/1033","targetHints":{"allow":["GET"]}}],"collection":[{"href":"https:\/\/maaru.fr\/index.php?rest_route=\/wp\/v2\/pages"}],"about":[{"href":"https:\/\/maaru.fr\/index.php?rest_route=\/wp\/v2\/types\/page"}],"author":[{"embeddable":true,"href":"https:\/\/maaru.fr\/index.php?rest_route=\/wp\/v2\/users\/1"}],"replies":[{"embeddable":true,"href":"https:\/\/maaru.fr\/index.php?rest_route=%2Fwp%2Fv2%2Fcomments&post=1033"}],"version-history":[{"count":11,"href":"https:\/\/maaru.fr\/index.php?rest_route=\/wp\/v2\/pages\/1033\/revisions"}],"predecessor-version":[{"id":1291,"href":"https:\/\/maaru.fr\/index.php?rest_route=\/wp\/v2\/pages\/1033\/revisions\/1291"}],"wp:attachment":[{"href":"https:\/\/maaru.fr\/index.php?rest_route=%2Fwp%2Fv2%2Fmedia&parent=1033"}],"curies":[{"name":"wp","href":"https:\/\/api.w.org\/{rel}","templated":true}]}}