{"id":557,"date":"2017-08-28T15:48:09","date_gmt":"2017-08-28T15:48:09","guid":{"rendered":"http:\/\/maaru.fr\/?page_id=557"},"modified":"2023-06-19T20:06:21","modified_gmt":"2023-06-19T20:06:21","slug":"quais-a-orleans","status":"publish","type":"page","link":"http:\/\/maaru.fr\/?page_id=557","title":{"rendered":"Orl\u00e9ans : quais de Loire"},"content":{"rendered":"<h5><style id=\"bwg-style-0\">    #bwg_container1_0 #bwg_container2_0 .bwg-container-0.bwg-standard-thumbnails {      width: 1254px;              justify-content: center;        margin:0 auto !important;              background-color: rgba(255, 255, 255, 0.00);            padding-left: 4px;      padding-top: 4px;      max-width: 100%;            }        #bwg_container1_0 #bwg_container2_0 .bwg-container-0.bwg-standard-thumbnails .bwg-item {    justify-content: flex-start;      max-width: 250px;          }    #bwg_container1_0 #bwg_container2_0 .bwg-container-0.bwg-standard-thumbnails .bwg-item a {       margin-right: 4px;       margin-bottom: 4px;    }    #bwg_container1_0 #bwg_container2_0 .bwg-container-0.bwg-standard-thumbnails .bwg-item0 {      padding: 0px;            background-color:rgba(0,0,0, 0.30);      border: 0px none #CCCCCC;      opacity: 1.00;      border-radius: 0;      box-shadow: ;    }    #bwg_container1_0 #bwg_container2_0 .bwg-container-0.bwg-standard-thumbnails .bwg-item1 img {      max-height: none;      max-width: none;      padding: 0 !important;    }         @media only screen and (min-width: 480px) {\t\t#bwg_container1_0 #bwg_container2_0 .bwg-container-0.bwg-standard-thumbnails .bwg-item1 img {\t\t\t-webkit-transition: all .3s; transition: all .3s;\t\t}\t\t#bwg_container1_0 #bwg_container2_0 .bwg-container-0.bwg-standard-thumbnails .bwg-item1 img:hover {\t\t\t-ms-transform: scale(1.08);\t\t\t-webkit-transform: scale(1.08);\t\t\ttransform: scale(1.08);\t\t}\t\t\t\t.bwg-standard-thumbnails .bwg-zoom-effect .bwg-zoom-effect-overlay {\t\t\t\t\t\tbackground-color:rgba(0,0,0, 0.3);\t\t}\t\t.bwg-standard-thumbnails .bwg-zoom-effect:hover img {\t\t\t-ms-transform: scale(1.08);\t\t\t-webkit-transform: scale(1.08);\t\t\ttransform: scale(1.08);\t\t}\t\t      }\t    #bwg_container1_0 #bwg_container2_0 .bwg-container-0.bwg-standard-thumbnails .bwg-item1 {      padding-top: 56%;    }        #bwg_container1_0 #bwg_container2_0 .bwg-container-0.bwg-standard-thumbnails .bwg-title1 {      position: absolute;      top: 0;      z-index: 100;      width: 100%;      height: 100%;      display: flex;      justify-content: center;      align-content: center;      flex-direction: column;      opacity: 0;    }\t      #bwg_container1_0 #bwg_container2_0 .bwg-container-0.bwg-standard-thumbnails .bwg-title2,    #bwg_container1_0 #bwg_container2_0 .bwg-container-0.bwg-standard-thumbnails .bwg-ecommerce2 {      color: #FFFFFF;      font-family: Ubuntu;      font-size: 16px;      font-weight: bold;      padding: 2px;      text-shadow: ;      max-height: 100%;    }    #bwg_container1_0 #bwg_container2_0 .bwg-container-0.bwg-standard-thumbnails .bwg-thumb-description span {    color: #323A45;    font-family: Ubuntu;    font-size: 12px;    max-height: 100%;    word-wrap: break-word;    }    #bwg_container1_0 #bwg_container2_0 .bwg-container-0.bwg-standard-thumbnails .bwg-play-icon2 {      font-size: 32px;    }    #bwg_container1_0 #bwg_container2_0 .bwg-container-0.bwg-standard-thumbnails .bwg-ecommerce2 {      font-size: 19.2px;      color: #323A45;    }    <\/style>    <div id=\"bwg_container1_0\"         class=\"bwg_container bwg_thumbnail bwg_thumbnails \"         data-right-click-protection=\"0\"         data-bwg=\"0\"         data-scroll=\"0\"         data-gallery-type=\"thumbnails\"         data-gallery-view-type=\"thumbnails\"         data-current-url=\"\/index.php?rest_route=%2Fwp%2Fv2%2Fpages%2F557\"         data-lightbox-url=\"http:\/\/maaru.fr\/wp-admin\/admin-ajax.php?action=GalleryBox&#038;current_view=0&#038;gallery_id=16&#038;tag=0&#038;theme_id=1&#038;shortcode_id=38&#038;sort_by=order&#038;order_by=asc&#038;current_url=%2Findex.php%3Frest_route%3D%252Fwp%252Fv2%252Fpages%252F557\"         data-gallery-id=\"16\"         data-popup-width=\"800\"         data-popup-height=\"500\"         data-is-album=\"gallery\"         data-buttons-position=\"bottom\">      <div id=\"bwg_container2_0\">             <div id=\"ajax_loading_0\" class=\"bwg_loading_div_1\">      <div class=\"bwg_loading_div_2\">        <div class=\"bwg_loading_div_3\">          <div id=\"loading_div_0\" class=\"bwg_spider_ajax_loading\">          <\/div>        <\/div>      <\/div>    <\/div>            <form id=\"gal_front_form_0\"              class=\"bwg-hidden\"              method=\"post\"              action=\"#\"              data-current=\"0\"              data-shortcode-id=\"38\"              data-gallery-type=\"thumbnails\"              data-gallery-id=\"16\"              data-tag=\"0\"              data-album-id=\"0\"              data-theme-id=\"1\"              data-ajax-url=\"http:\/\/maaru.fr\/wp-admin\/admin-ajax.php?action=bwg_frontend_data\">          <div id=\"bwg_container3_0\" class=\"bwg-background bwg-background-0\">                <div data-max-count=\"5\"         data-thumbnail-width=\"250\"         data-bwg=\"0\"         data-gallery-id=\"16\"         data-lightbox-url=\"http:\/\/maaru.fr\/wp-admin\/admin-ajax.php?action=GalleryBox&amp;current_view=0&amp;gallery_id=16&amp;tag=0&amp;theme_id=1&amp;shortcode_id=38&amp;sort_by=order&amp;order_by=asc&amp;current_url=%2Findex.php%3Frest_route%3D%252Fwp%252Fv2%252Fpages%252F557\"         id=\"bwg_thumbnails_0\"         class=\"bwg-container-0 bwg-thumbnails bwg-standard-thumbnails bwg-container bwg-border-box\">            <div class=\"bwg-item\">        <a class=\"bwg-a  bwg_lightbox\"  data-image-id=\"233\" href=\"http:\/\/maaru.fr\/wp-content\/uploads\/photo-gallery\/ORL_01_web_3.jpg?bwg=1579019429\" data-elementor-open-lightbox=\"no\">                <div class=\"bwg-item0 \">          <div class=\"bwg-item1 bwg-zoom-effect\">            <div class=\"bwg-item2\">              <img decoding=\"async\" class=\"skip-lazy bwg_standart_thumb_img_0 \"                   data-id=\"233\"                   data-width=\"500\"                   data-height=\"233\"                   data-src=\"http:\/\/maaru.fr\/wp-content\/uploads\/photo-gallery\/thumb\/ORL_01_web_3.jpg?bwg=1579019429\"                   src=\"http:\/\/maaru.fr\/wp-content\/uploads\/photo-gallery\/thumb\/ORL_01_web_3.jpg?bwg=1579019429\"                   alt=\"\"                   title=\"\" \/>            <\/div>            <div class=\"bwg-zoom-effect-overlay\">              <div class=\"bwg-title1\"><div class=\"bwg-title2\">&nbsp;<\/div><\/div>                                        <\/div>          <\/div>        <\/div>                        <\/a>              <\/div>            <div class=\"bwg-item\">        <a class=\"bwg-a  bwg_lightbox\"  data-image-id=\"232\" href=\"http:\/\/maaru.fr\/wp-content\/uploads\/photo-gallery\/ORL_02_web_3.jpg?bwg=1579019429\" data-elementor-open-lightbox=\"no\">                <div class=\"bwg-item0 \">          <div class=\"bwg-item1 bwg-zoom-effect\">            <div class=\"bwg-item2\">              <img decoding=\"async\" class=\"skip-lazy bwg_standart_thumb_img_0 \"                   data-id=\"232\"                   data-width=\"500\"                   data-height=\"233\"                   data-src=\"http:\/\/maaru.fr\/wp-content\/uploads\/photo-gallery\/thumb\/ORL_02_web_3.jpg?bwg=1579019429\"                   src=\"http:\/\/maaru.fr\/wp-content\/uploads\/photo-gallery\/thumb\/ORL_02_web_3.jpg?bwg=1579019429\"                   alt=\"\"                   title=\"\" \/>            <\/div>            <div class=\"bwg-zoom-effect-overlay\">              <div class=\"bwg-title1\"><div class=\"bwg-title2\">&nbsp;<\/div><\/div>                                        <\/div>          <\/div>        <\/div>                        <\/a>              <\/div>            <div class=\"bwg-item\">        <a class=\"bwg-a  bwg_lightbox\"  data-image-id=\"230\" href=\"http:\/\/maaru.fr\/wp-content\/uploads\/photo-gallery\/ORL_03_web_3.jpg?bwg=1579019429\" data-elementor-open-lightbox=\"no\">                <div class=\"bwg-item0 \">          <div class=\"bwg-item1 bwg-zoom-effect\">            <div class=\"bwg-item2\">              <img decoding=\"async\" class=\"skip-lazy bwg_standart_thumb_img_0 \"                   data-id=\"230\"                   data-width=\"500\"                   data-height=\"233\"                   data-src=\"http:\/\/maaru.fr\/wp-content\/uploads\/photo-gallery\/thumb\/ORL_03_web_3.jpg?bwg=1579019429\"                   src=\"http:\/\/maaru.fr\/wp-content\/uploads\/photo-gallery\/thumb\/ORL_03_web_3.jpg?bwg=1579019429\"                   alt=\"\"                   title=\"\" \/>            <\/div>            <div class=\"bwg-zoom-effect-overlay\">              <div class=\"bwg-title1\"><div class=\"bwg-title2\">&nbsp;<\/div><\/div>                                        <\/div>          <\/div>        <\/div>                        <\/a>              <\/div>            <div class=\"bwg-item\">        <a class=\"bwg-a  bwg_lightbox\"  data-image-id=\"234\" href=\"http:\/\/maaru.fr\/wp-content\/uploads\/photo-gallery\/ORL_04_web_3.jpg?bwg=1579019430\" data-elementor-open-lightbox=\"no\">                <div class=\"bwg-item0 \">          <div class=\"bwg-item1 bwg-zoom-effect\">            <div class=\"bwg-item2\">              <img decoding=\"async\" class=\"skip-lazy bwg_standart_thumb_img_0 \"                   data-id=\"234\"                   data-width=\"500\"                   data-height=\"233\"                   data-src=\"http:\/\/maaru.fr\/wp-content\/uploads\/photo-gallery\/thumb\/ORL_04_web_3.jpg?bwg=1579019430\"                   src=\"http:\/\/maaru.fr\/wp-content\/uploads\/photo-gallery\/thumb\/ORL_04_web_3.jpg?bwg=1579019430\"                   alt=\"\"                   title=\"\" \/>            <\/div>            <div class=\"bwg-zoom-effect-overlay\">              <div class=\"bwg-title1\"><div class=\"bwg-title2\">&nbsp;<\/div><\/div>                                        <\/div>          <\/div>        <\/div>                        <\/a>              <\/div>            <div class=\"bwg-item\">        <a class=\"bwg-a  bwg_lightbox\"  data-image-id=\"231\" href=\"http:\/\/maaru.fr\/wp-content\/uploads\/photo-gallery\/ORL_05_web_3.jpg?bwg=1579019429\" data-elementor-open-lightbox=\"no\">                <div class=\"bwg-item0 \">          <div class=\"bwg-item1 bwg-zoom-effect\">            <div class=\"bwg-item2\">              <img decoding=\"async\" class=\"skip-lazy bwg_standart_thumb_img_0 \"                   data-id=\"231\"                   data-width=\"500\"                   data-height=\"233\"                   data-src=\"http:\/\/maaru.fr\/wp-content\/uploads\/photo-gallery\/thumb\/ORL_05_web_3.jpg?bwg=1579019429\"                   src=\"http:\/\/maaru.fr\/wp-content\/uploads\/photo-gallery\/thumb\/ORL_05_web_3.jpg?bwg=1579019429\"                   alt=\"\"                   title=\"\" \/>            <\/div>            <div class=\"bwg-zoom-effect-overlay\">              <div class=\"bwg-title1\"><div class=\"bwg-title2\">&nbsp;<\/div><\/div>                                        <\/div>          <\/div>        <\/div>                        <\/a>              <\/div>            <div class=\"bwg-item\">        <a class=\"bwg-a  bwg_lightbox\"  data-image-id=\"235\" href=\"http:\/\/maaru.fr\/wp-content\/uploads\/photo-gallery\/ORL_06_web_3.jpg?bwg=1579019430\" data-elementor-open-lightbox=\"no\">                <div class=\"bwg-item0 \">          <div class=\"bwg-item1 bwg-zoom-effect\">            <div class=\"bwg-item2\">              <img decoding=\"async\" class=\"skip-lazy bwg_standart_thumb_img_0 \"                   data-id=\"235\"                   data-width=\"500\"                   data-height=\"233\"                   data-src=\"http:\/\/maaru.fr\/wp-content\/uploads\/photo-gallery\/thumb\/ORL_06_web_3.jpg?bwg=1579019430\"                   src=\"http:\/\/maaru.fr\/wp-content\/uploads\/photo-gallery\/thumb\/ORL_06_web_3.jpg?bwg=1579019430\"                   alt=\"\"                   title=\"\" \/>            <\/div>            <div class=\"bwg-zoom-effect-overlay\">              <div class=\"bwg-title1\"><div class=\"bwg-title2\">&nbsp;<\/div><\/div>                                        <\/div>          <\/div>        <\/div>                        <\/a>              <\/div>            <div class=\"bwg-item\">        <a class=\"bwg-a  bwg_lightbox\"  data-image-id=\"238\" href=\"http:\/\/maaru.fr\/wp-content\/uploads\/photo-gallery\/ORL_07_web_3.jpg?bwg=1579019430\" data-elementor-open-lightbox=\"no\">                <div class=\"bwg-item0 \">          <div class=\"bwg-item1 bwg-zoom-effect\">            <div class=\"bwg-item2\">              <img decoding=\"async\" class=\"skip-lazy bwg_standart_thumb_img_0 \"                   data-id=\"238\"                   data-width=\"500\"                   data-height=\"333\"                   data-src=\"http:\/\/maaru.fr\/wp-content\/uploads\/photo-gallery\/thumb\/ORL_07_web_3.jpg?bwg=1579019430\"                   src=\"http:\/\/maaru.fr\/wp-content\/uploads\/photo-gallery\/thumb\/ORL_07_web_3.jpg?bwg=1579019430\"                   alt=\"\"                   title=\"\" \/>            <\/div>            <div class=\"bwg-zoom-effect-overlay\">              <div class=\"bwg-title1\"><div class=\"bwg-title2\">&nbsp;<\/div><\/div>                                        <\/div>          <\/div>        <\/div>                        <\/a>              <\/div>            <div class=\"bwg-item\">        <a class=\"bwg-a  bwg_lightbox\"  data-image-id=\"236\" href=\"http:\/\/maaru.fr\/wp-content\/uploads\/photo-gallery\/ORL_08_web_3.jpg?bwg=1579019430\" data-elementor-open-lightbox=\"no\">                <div class=\"bwg-item0 \">          <div class=\"bwg-item1 bwg-zoom-effect\">            <div class=\"bwg-item2\">              <img decoding=\"async\" class=\"skip-lazy bwg_standart_thumb_img_0 \"                   data-id=\"236\"                   data-width=\"500\"                   data-height=\"333\"                   data-src=\"http:\/\/maaru.fr\/wp-content\/uploads\/photo-gallery\/thumb\/ORL_08_web_3.jpg?bwg=1579019430\"                   src=\"http:\/\/maaru.fr\/wp-content\/uploads\/photo-gallery\/thumb\/ORL_08_web_3.jpg?bwg=1579019430\"                   alt=\"\"                   title=\"\" \/>            <\/div>            <div class=\"bwg-zoom-effect-overlay\">              <div class=\"bwg-title1\"><div class=\"bwg-title2\">&nbsp;<\/div><\/div>                                        <\/div>          <\/div>        <\/div>                        <\/a>              <\/div>            <div class=\"bwg-item\">        <a class=\"bwg-a  bwg_lightbox\"  data-image-id=\"237\" href=\"http:\/\/maaru.fr\/wp-content\/uploads\/photo-gallery\/ORL_09_web_3.jpg?bwg=1579019430\" data-elementor-open-lightbox=\"no\">                <div class=\"bwg-item0 \">          <div class=\"bwg-item1 bwg-zoom-effect\">            <div class=\"bwg-item2\">              <img decoding=\"async\" class=\"skip-lazy bwg_standart_thumb_img_0 \"                   data-id=\"237\"                   data-width=\"500\"                   data-height=\"333\"                   data-src=\"http:\/\/maaru.fr\/wp-content\/uploads\/photo-gallery\/thumb\/ORL_09_web_3.jpg?bwg=1579019430\"                   src=\"http:\/\/maaru.fr\/wp-content\/uploads\/photo-gallery\/thumb\/ORL_09_web_3.jpg?bwg=1579019430\"                   alt=\"\"                   title=\"\" \/>            <\/div>            <div class=\"bwg-zoom-effect-overlay\">              <div class=\"bwg-title1\"><div class=\"bwg-title2\">&nbsp;<\/div><\/div>                                        <\/div>          <\/div>        <\/div>                        <\/a>              <\/div>          <\/div>    <style>      \/*pagination styles*\/      #bwg_container1_0 #bwg_container2_0 .tablenav-pages_0 {\t\t\t\ttext-align: center;\t\t\t\tfont-size: 12px;\t\t\t\tfont-family: Ubuntu;\t\t\t\tfont-weight: bold;\t\t\t\tcolor: #666666;\t\t\t\tmargin: 6px 0 4px;\t\t\t\tdisplay: block;      }      @media only screen and (max-width : 320px) {      #bwg_container1_0 #bwg_container2_0 .displaying-num_0 {     \t display: none;      }      }      #bwg_container1_0 #bwg_container2_0 .displaying-num_0 {\t\t\t\tfont-size: 12px;\t\t\t\tfont-family: Ubuntu;\t\t\t\tfont-weight: bold;\t\t\t\tcolor: #666666;\t\t\t\tmargin-right: 10px;\t\t\t\tvertical-align: middle;      }      #bwg_container1_0 #bwg_container2_0 .paging-input_0 {\t\t\t\tfont-size: 12px;\t\t\t\tfont-family: Ubuntu;\t\t\t\tfont-weight: bold;\t\t\t\tcolor: #666666;\t\t\t\tvertical-align: middle;      }      #bwg_container1_0 #bwg_container2_0 .tablenav-pages_0 a.disabled,      #bwg_container1_0 #bwg_container2_0 .tablenav-pages_0 a.disabled:hover,      #bwg_container1_0 #bwg_container2_0 .tablenav-pages_0 a.disabled:focus,\t\t\t#bwg_container1_0 #bwg_container2_0 .tablenav-pages_0 input.bwg_current_page {\t\t\t\tcursor: default;\t\t\t\tcolor: rgba(102, 102, 102, 0.5);      }      #bwg_container1_0 #bwg_container2_0 .tablenav-pages_0 a,      #bwg_container1_0 #bwg_container2_0 .tablenav-pages_0 input.bwg_current_page {\t\t\t\tcursor: pointer;\t\t\t\ttext-align: center;\t\t\t\tfont-size: 12px;\t\t\t\tfont-family: Ubuntu;\t\t\t\tfont-weight: bold;\t\t\t\tcolor: #666666;\t\t\t\ttext-decoration: none;\t\t\t\tpadding: 3px 6px;\t\t\t\tmargin: 0;\t\t\t\tborder-radius: 0;\t\t\t\tborder-style: solid;\t\t\t\tborder-width: 1px;\t\t\t\tborder-color: #E3E3E3;\t\t\t\t\t\t\t\tbackground-color: rgba(255, 255, 255, 1.00);\t\t\t\tbox-shadow: 0;\t\t\t\ttransition: all 0.3s ease 0s;-webkit-transition: all 0.3s ease 0s;      }      <\/style>      <span class=\"bwg_nav_cont_0\">              <div class=\"tablenav-pages_0\">                  <\/div>                <input type=\"hidden\" id=\"page_number_0\" name=\"page_number_0\" value=\"1\" \/>      <script type=\"text\/javascript\">        if( jQuery('.bwg_nav_cont_0').length > 1 ) {          jQuery('.bwg_nav_cont_0').first().remove()        }        function spider_page_0(cur, x, y, load_more) {          if (typeof load_more == \"undefined\") {            var load_more = false;          }          if (jQuery(cur).hasClass('disabled')) {            return false;          }          var items_county_0 = 1;          switch (y) {            case 1:              if (x >= items_county_0) {                document.getElementById('page_number_0').value = items_county_0;              }              else {                document.getElementById('page_number_0').value = x + 1;              }              break;            case 2:              document.getElementById('page_number_0').value = items_county_0;              break;            case -1:              if (x == 1) {                document.getElementById('page_number_0').value = 1;              }              else {                document.getElementById('page_number_0').value = x - 1;              }              break;            case -2:              document.getElementById('page_number_0').value = 1;              break;\t\t\t\t\t\tcase 0:              document.getElementById('page_number_0').value = x;              break;            default:              document.getElementById('page_number_0').value = 1;          }          bwg_ajax('gal_front_form_0', '0', 'bwg_thumbnails_0', '0', '', 'gallery', 0, '', '', load_more, '', 1);        }                    jQuery('.first-page-0').on('click', function () {              spider_page_0(this, 1, -2, 'numeric');              return false;            });            jQuery('.prev-page-0').on('click', function () {              spider_page_0(this, 1, -1, 'numeric');              return false;            });            jQuery('.next-page-0').on('click', function () {              spider_page_0(this, 1, 1, 'numeric');              return false;            });            jQuery('.last-page-0').on('click', function () {              spider_page_0(this, 1, 2, 'numeric');              return false;            });        \t\t\t\t\/* Change page on input enter. *\/        function bwg_change_page_0( e, that ) {          if (  e.key == 'Enter' ) {            var to_page = parseInt(jQuery(that).val());            var pages_count = jQuery(that).parents(\".pagination-links\").data(\"pages-count\");            var current_url_param = jQuery(that).attr('data-url-info');            if (to_page > pages_count) {              to_page = 1;            }\t \t\t\t\t\t\t\t\t\t\t\t\tspider_page_0(this, to_page, 0, 'numeric');\t\t\t\t\t\t\treturn false;\t\t\t\t\t\t          }          return true;        }        jQuery('.bwg_load_btn_0').on('click', function () {            spider_page_0(this, 1, 1, true);            return false;        });      <\/script>      <\/span>                <\/div>        <\/form>        <style>          #bwg_container1_0 #bwg_container2_0 #spider_popup_overlay_0 {          background-color: #EEEEEE;          opacity: 0.60;          }          <\/style>        <div id=\"bwg_spider_popup_loading_0\" class=\"bwg_spider_popup_loading\"><\/div>        <div id=\"spider_popup_overlay_0\" class=\"spider_popup_overlay\" onclick=\"spider_destroypopup(1000)\"><\/div>        <input type=\"hidden\" id=\"bwg_random_seed_0\" value=\"1339654730\">                <\/div>    <\/div>    <script>      if (document.readyState === 'complete') {        if( typeof bwg_main_ready == 'function' ) {          if ( jQuery(\"#bwg_container1_0\").height() ) {            bwg_main_ready(jQuery(\"#bwg_container1_0\"));          }        }      } else {        document.addEventListener('DOMContentLoaded', function() {          if( typeof bwg_main_ready == 'function' ) {            if ( jQuery(\"#bwg_container1_0\").height() ) {             bwg_main_ready(jQuery(\"#bwg_container1_0\"));            }          }        });      }    <\/script>    <\/h5>\n<h5><strong>Am\u00e9nagement des quais de la Loire \u00e0 Orl\u00e9ans <\/strong><strong>[45]<\/strong><\/h5>\n<p>CA Orl\u00e9ans Val de Loire &#8230;<em>ma\u00eetre d\u2019ouvrage<\/em><\/p>\n<p>Michel Corajoud<em> &#8230;paysagiste mandataire<\/em><br \/>\nAndrzej Michalski<em> &#8230;chef de projet architecte<br \/>\n<\/em>Pierre Gangnet <em>&#8230;architecte<\/em><br \/>\nGEC Ing\u00e9nierie &#8230;<em>BET<\/em><em><br \/>\n<\/em>LEA <em>&#8230;\u00e9clairagiste<br \/>\n<\/em><\/p>\n<p>2,7 ha &#8230;superficie<\/p>\n<p>5 370 000 \u20ac HT .<em>..montant des travaux<\/em><\/p>\n<p>2005-2008 <em>&#8230;projet et r\u00e9alisation<br \/>\n<\/em><\/p>\n<p><strong>Le contexte<\/strong><br \/>\nIl s\u2019agit ici de la reconqu\u00eate des berges de la Loire \u00e0 Orl\u00e9ans, avec le classement d\u2019une partie de celle-ci au patrimoine naturel de l\u2019UNESCO, et une politique volontaire de retrouver le lien perdu entre celle-ci et le centre-ville.<br \/>\nLe concours avait pour objet une tranche ferme, r\u00e9alis\u00e9e, situ\u00e9e au droit des espaces centraux de la ville, ainsi qu\u2019une tranche optionnelle qui concernait la r\u00e9ouverture d\u2019un canal lat\u00e9ral \u00e0 la Loire, un peu excentr\u00e9, dont la ma\u00eetrise d\u2019\u0153uvre sera attribu\u00e9e \u00e0 une \u00e9quipe diff\u00e9rente.<\/p>\n<p><strong>Le projet et son site<\/strong><br \/>\nLe site est d\u2019une grande beaut\u00e9 : la Loire, une gr\u00e8ve abrupte en pav\u00e9s anciens accident\u00e9s, et un majestueux alignement de platanes.<br \/>\nLe projet s\u2019y est inscrit, en pr\u00e9servant ces \u00e9l\u00e9ments. Une plateforme lisse et confortable, en b\u00e9ton coul\u00e9 de teinte beige, a pris place au pied des platanes, permettant des cheminements pi\u00e9tons et cyclables, et l\u2019assise.<br \/>\nA l\u2019Ouest, face \u00e0 la place de Loire, l\u2019ensemble se d\u00e9forme pour permettre l\u2019acc\u00e8s aux bateaux en stationnement. \u00e0 l\u2019Est, le d\u00e9bouch\u00e9 du canal lat\u00e9ral, rouvert, s\u2019accompagne d\u2019une capitainerie, et d\u2019un quai d\u2019amarrage.<\/p>\n","protected":false},"excerpt":{"rendered":"<p>Am\u00e9nagement des quais de la Loire \u00e0 Orl\u00e9ans [45] CA Orl\u00e9ans Val de Loire &#8230;ma\u00eetre&#8230;<\/p>\n","protected":false},"author":1,"featured_media":0,"parent":0,"menu_order":0,"comment_status":"closed","ping_status":"closed","template":"","meta":{"footnotes":""},"class_list":["post-557","page","type-page","status-publish","hentry"],"_links":{"self":[{"href":"http:\/\/maaru.fr\/index.php?rest_route=\/wp\/v2\/pages\/557","targetHints":{"allow":["GET"]}}],"collection":[{"href":"http:\/\/maaru.fr\/index.php?rest_route=\/wp\/v2\/pages"}],"about":[{"href":"http:\/\/maaru.fr\/index.php?rest_route=\/wp\/v2\/types\/page"}],"author":[{"embeddable":true,"href":"http:\/\/maaru.fr\/index.php?rest_route=\/wp\/v2\/users\/1"}],"replies":[{"embeddable":true,"href":"http:\/\/maaru.fr\/index.php?rest_route=%2Fwp%2Fv2%2Fcomments&post=557"}],"version-history":[{"count":6,"href":"http:\/\/maaru.fr\/index.php?rest_route=\/wp\/v2\/pages\/557\/revisions"}],"predecessor-version":[{"id":1313,"href":"http:\/\/maaru.fr\/index.php?rest_route=\/wp\/v2\/pages\/557\/revisions\/1313"}],"wp:attachment":[{"href":"http:\/\/maaru.fr\/index.php?rest_route=%2Fwp%2Fv2%2Fmedia&parent=557"}],"curies":[{"name":"wp","href":"https:\/\/api.w.org\/{rel}","templated":true}]}}