{"id":387,"date":"2017-08-25T13:58:40","date_gmt":"2017-08-25T13:58:40","guid":{"rendered":"http:\/\/maaru.fr\/?page_id=387"},"modified":"2023-06-19T19:49:02","modified_gmt":"2023-06-19T19:49:02","slug":"val-2","status":"publish","type":"page","link":"http:\/\/maaru.fr\/?page_id=387","title":{"rendered":"Valenciennes : c\u0153ur de ville"},"content":{"rendered":"<h5><style id=\"bwg-style-0\">    #bwg_container1_0 #bwg_container2_0 .bwg-container-0.bwg-standard-thumbnails {      width: 1254px;              justify-content: center;        margin:0 auto !important;              background-color: rgba(255, 255, 255, 0.00);            padding-left: 4px;      padding-top: 4px;      max-width: 100%;            }        #bwg_container1_0 #bwg_container2_0 .bwg-container-0.bwg-standard-thumbnails .bwg-item {    justify-content: flex-start;      max-width: 250px;          }    #bwg_container1_0 #bwg_container2_0 .bwg-container-0.bwg-standard-thumbnails .bwg-item a {       margin-right: 4px;       margin-bottom: 4px;    }    #bwg_container1_0 #bwg_container2_0 .bwg-container-0.bwg-standard-thumbnails .bwg-item0 {      padding: 0px;            background-color:rgba(0,0,0, 0.30);      border: 0px none #CCCCCC;      opacity: 1.00;      border-radius: 0;      box-shadow: ;    }    #bwg_container1_0 #bwg_container2_0 .bwg-container-0.bwg-standard-thumbnails .bwg-item1 img {      max-height: none;      max-width: none;      padding: 0 !important;    }         @media only screen and (min-width: 480px) {\t\t#bwg_container1_0 #bwg_container2_0 .bwg-container-0.bwg-standard-thumbnails .bwg-item1 img {\t\t\t-webkit-transition: all .3s; transition: all .3s;\t\t}\t\t#bwg_container1_0 #bwg_container2_0 .bwg-container-0.bwg-standard-thumbnails .bwg-item1 img:hover {\t\t\t-ms-transform: scale(1.08);\t\t\t-webkit-transform: scale(1.08);\t\t\ttransform: scale(1.08);\t\t}\t\t\t\t.bwg-standard-thumbnails .bwg-zoom-effect .bwg-zoom-effect-overlay {\t\t\t\t\t\tbackground-color:rgba(0,0,0, 0.3);\t\t}\t\t.bwg-standard-thumbnails .bwg-zoom-effect:hover img {\t\t\t-ms-transform: scale(1.08);\t\t\t-webkit-transform: scale(1.08);\t\t\ttransform: scale(1.08);\t\t}\t\t      }\t    #bwg_container1_0 #bwg_container2_0 .bwg-container-0.bwg-standard-thumbnails .bwg-item1 {      padding-top: 56%;    }        #bwg_container1_0 #bwg_container2_0 .bwg-container-0.bwg-standard-thumbnails .bwg-title1 {      position: absolute;      top: 0;      z-index: 100;      width: 100%;      height: 100%;      display: flex;      justify-content: center;      align-content: center;      flex-direction: column;      opacity: 0;    }\t      #bwg_container1_0 #bwg_container2_0 .bwg-container-0.bwg-standard-thumbnails .bwg-title2,    #bwg_container1_0 #bwg_container2_0 .bwg-container-0.bwg-standard-thumbnails .bwg-ecommerce2 {      color: #FFFFFF;      font-family: Ubuntu;      font-size: 16px;      font-weight: bold;      padding: 2px;      text-shadow: ;      max-height: 100%;    }    #bwg_container1_0 #bwg_container2_0 .bwg-container-0.bwg-standard-thumbnails .bwg-thumb-description span {    color: #323A45;    font-family: Ubuntu;    font-size: 12px;    max-height: 100%;    word-wrap: break-word;    }    #bwg_container1_0 #bwg_container2_0 .bwg-container-0.bwg-standard-thumbnails .bwg-play-icon2 {      font-size: 32px;    }    #bwg_container1_0 #bwg_container2_0 .bwg-container-0.bwg-standard-thumbnails .bwg-ecommerce2 {      font-size: 19.2px;      color: #323A45;    }    <\/style>    <div id=\"bwg_container1_0\"         class=\"bwg_container bwg_thumbnail bwg_thumbnails \"         data-right-click-protection=\"0\"         data-bwg=\"0\"         data-scroll=\"0\"         data-gallery-type=\"thumbnails\"         data-gallery-view-type=\"thumbnails\"         data-current-url=\"\/index.php?rest_route=%2Fwp%2Fv2%2Fpages%2F387\"         data-lightbox-url=\"http:\/\/maaru.fr\/wp-admin\/admin-ajax.php?action=GalleryBox&#038;current_view=0&#038;gallery_id=17&#038;tag=0&#038;theme_id=1&#038;shortcode_id=40&#038;sort_by=order&#038;order_by=asc&#038;current_url=%2Findex.php%3Frest_route%3D%252Fwp%252Fv2%252Fpages%252F387\"         data-gallery-id=\"17\"         data-popup-width=\"800\"         data-popup-height=\"500\"         data-is-album=\"gallery\"         data-buttons-position=\"bottom\">      <div id=\"bwg_container2_0\">             <div id=\"ajax_loading_0\" class=\"bwg_loading_div_1\">      <div class=\"bwg_loading_div_2\">        <div class=\"bwg_loading_div_3\">          <div id=\"loading_div_0\" class=\"bwg_spider_ajax_loading\">          <\/div>        <\/div>      <\/div>    <\/div>            <form id=\"gal_front_form_0\"              class=\"bwg-hidden\"              method=\"post\"              action=\"#\"              data-current=\"0\"              data-shortcode-id=\"40\"              data-gallery-type=\"thumbnails\"              data-gallery-id=\"17\"              data-tag=\"0\"              data-album-id=\"0\"              data-theme-id=\"1\"              data-ajax-url=\"http:\/\/maaru.fr\/wp-admin\/admin-ajax.php?action=bwg_frontend_data\">          <div id=\"bwg_container3_0\" class=\"bwg-background bwg-background-0\">                <div data-max-count=\"5\"         data-thumbnail-width=\"250\"         data-bwg=\"0\"         data-gallery-id=\"17\"         data-lightbox-url=\"http:\/\/maaru.fr\/wp-admin\/admin-ajax.php?action=GalleryBox&amp;current_view=0&amp;gallery_id=17&amp;tag=0&amp;theme_id=1&amp;shortcode_id=40&amp;sort_by=order&amp;order_by=asc&amp;current_url=%2Findex.php%3Frest_route%3D%252Fwp%252Fv2%252Fpages%252F387\"         id=\"bwg_thumbnails_0\"         class=\"bwg-container-0 bwg-thumbnails bwg-standard-thumbnails bwg-container bwg-border-box\">            <div class=\"bwg-item\">        <a class=\"bwg-a  bwg_lightbox\"  data-image-id=\"239\" href=\"http:\/\/maaru.fr\/wp-content\/uploads\/photo-gallery\/VAL_01_web_3.jpg?bwg=1579020528\" data-elementor-open-lightbox=\"no\">                <div class=\"bwg-item0 \">          <div class=\"bwg-item1 bwg-zoom-effect\">            <div class=\"bwg-item2\">              <img decoding=\"async\" class=\"skip-lazy bwg_standart_thumb_img_0 \"                   data-id=\"239\"                   data-width=\"500\"                   data-height=\"333\"                   data-src=\"http:\/\/maaru.fr\/wp-content\/uploads\/photo-gallery\/thumb\/VAL_01_web_3.jpg?bwg=1579020528\"                   src=\"http:\/\/maaru.fr\/wp-content\/uploads\/photo-gallery\/thumb\/VAL_01_web_3.jpg?bwg=1579020528\"                   alt=\"\"                   title=\"\" \/>            <\/div>            <div class=\"bwg-zoom-effect-overlay\">              <div class=\"bwg-title1\"><div class=\"bwg-title2\">&nbsp;<\/div><\/div>                                        <\/div>          <\/div>        <\/div>                        <\/a>              <\/div>            <div class=\"bwg-item\">        <a class=\"bwg-a  bwg_lightbox\"  data-image-id=\"243\" href=\"http:\/\/maaru.fr\/wp-content\/uploads\/photo-gallery\/VAL_02_web_3.jpg?bwg=1579020528\" data-elementor-open-lightbox=\"no\">                <div class=\"bwg-item0 \">          <div class=\"bwg-item1 bwg-zoom-effect\">            <div class=\"bwg-item2\">              <img decoding=\"async\" class=\"skip-lazy bwg_standart_thumb_img_0 \"                   data-id=\"243\"                   data-width=\"500\"                   data-height=\"333\"                   data-src=\"http:\/\/maaru.fr\/wp-content\/uploads\/photo-gallery\/thumb\/VAL_02_web_3.jpg?bwg=1579020528\"                   src=\"http:\/\/maaru.fr\/wp-content\/uploads\/photo-gallery\/thumb\/VAL_02_web_3.jpg?bwg=1579020528\"                   alt=\"\"                   title=\"\" \/>            <\/div>            <div class=\"bwg-zoom-effect-overlay\">              <div class=\"bwg-title1\"><div class=\"bwg-title2\">&nbsp;<\/div><\/div>                                        <\/div>          <\/div>        <\/div>                        <\/a>              <\/div>            <div class=\"bwg-item\">        <a class=\"bwg-a  bwg_lightbox\"  data-image-id=\"242\" href=\"http:\/\/maaru.fr\/wp-content\/uploads\/photo-gallery\/VAL_03_web_3.jpg?bwg=1579020528\" data-elementor-open-lightbox=\"no\">                <div class=\"bwg-item0 \">          <div class=\"bwg-item1 bwg-zoom-effect\">            <div class=\"bwg-item2\">              <img decoding=\"async\" class=\"skip-lazy bwg_standart_thumb_img_0 \"                   data-id=\"242\"                   data-width=\"333\"                   data-height=\"500\"                   data-src=\"http:\/\/maaru.fr\/wp-content\/uploads\/photo-gallery\/thumb\/VAL_03_web_3.jpg?bwg=1579020528\"                   src=\"http:\/\/maaru.fr\/wp-content\/uploads\/photo-gallery\/thumb\/VAL_03_web_3.jpg?bwg=1579020528\"                   alt=\"\"                   title=\"\" \/>            <\/div>            <div class=\"bwg-zoom-effect-overlay\">              <div class=\"bwg-title1\"><div class=\"bwg-title2\">&nbsp;<\/div><\/div>                                        <\/div>          <\/div>        <\/div>                        <\/a>              <\/div>            <div class=\"bwg-item\">        <a class=\"bwg-a  bwg_lightbox\"  data-image-id=\"240\" href=\"http:\/\/maaru.fr\/wp-content\/uploads\/photo-gallery\/VAL_04_web_3.jpg?bwg=1579020528\" data-elementor-open-lightbox=\"no\">                <div class=\"bwg-item0 \">          <div class=\"bwg-item1 bwg-zoom-effect\">            <div class=\"bwg-item2\">              <img decoding=\"async\" class=\"skip-lazy bwg_standart_thumb_img_0 \"                   data-id=\"240\"                   data-width=\"333\"                   data-height=\"500\"                   data-src=\"http:\/\/maaru.fr\/wp-content\/uploads\/photo-gallery\/thumb\/VAL_04_web_3.jpg?bwg=1579020528\"                   src=\"http:\/\/maaru.fr\/wp-content\/uploads\/photo-gallery\/thumb\/VAL_04_web_3.jpg?bwg=1579020528\"                   alt=\"\"                   title=\"\" \/>            <\/div>            <div class=\"bwg-zoom-effect-overlay\">              <div class=\"bwg-title1\"><div class=\"bwg-title2\">&nbsp;<\/div><\/div>                                        <\/div>          <\/div>        <\/div>                        <\/a>              <\/div>            <div class=\"bwg-item\">        <a class=\"bwg-a  bwg_lightbox\"  data-image-id=\"241\" href=\"http:\/\/maaru.fr\/wp-content\/uploads\/photo-gallery\/VAL_05_web_3.jpg?bwg=1579020528\" data-elementor-open-lightbox=\"no\">                <div class=\"bwg-item0 \">          <div class=\"bwg-item1 bwg-zoom-effect\">            <div class=\"bwg-item2\">              <img decoding=\"async\" class=\"skip-lazy bwg_standart_thumb_img_0 \"                   data-id=\"241\"                   data-width=\"333\"                   data-height=\"500\"                   data-src=\"http:\/\/maaru.fr\/wp-content\/uploads\/photo-gallery\/thumb\/VAL_05_web_3.jpg?bwg=1579020528\"                   src=\"http:\/\/maaru.fr\/wp-content\/uploads\/photo-gallery\/thumb\/VAL_05_web_3.jpg?bwg=1579020528\"                   alt=\"\"                   title=\"\" \/>            <\/div>            <div class=\"bwg-zoom-effect-overlay\">              <div class=\"bwg-title1\"><div class=\"bwg-title2\">&nbsp;<\/div><\/div>                                        <\/div>          <\/div>        <\/div>                        <\/a>              <\/div>            <div class=\"bwg-item\">        <a class=\"bwg-a  bwg_lightbox\"  data-image-id=\"245\" href=\"http:\/\/maaru.fr\/wp-content\/uploads\/photo-gallery\/VAL_06_web_3.jpg?bwg=1579020528\" data-elementor-open-lightbox=\"no\">                <div class=\"bwg-item0 \">          <div class=\"bwg-item1 bwg-zoom-effect\">            <div class=\"bwg-item2\">              <img decoding=\"async\" class=\"skip-lazy bwg_standart_thumb_img_0 \"                   data-id=\"245\"                   data-width=\"333\"                   data-height=\"500\"                   data-src=\"http:\/\/maaru.fr\/wp-content\/uploads\/photo-gallery\/thumb\/VAL_06_web_3.jpg?bwg=1579020528\"                   src=\"http:\/\/maaru.fr\/wp-content\/uploads\/photo-gallery\/thumb\/VAL_06_web_3.jpg?bwg=1579020528\"                   alt=\"\"                   title=\"\" \/>            <\/div>            <div class=\"bwg-zoom-effect-overlay\">              <div class=\"bwg-title1\"><div class=\"bwg-title2\">&nbsp;<\/div><\/div>                                        <\/div>          <\/div>        <\/div>                        <\/a>              <\/div>            <div class=\"bwg-item\">        <a class=\"bwg-a  bwg_lightbox\"  data-image-id=\"244\" href=\"http:\/\/maaru.fr\/wp-content\/uploads\/photo-gallery\/VAL_plan_web_3.jpg?bwg=1579020528\" data-elementor-open-lightbox=\"no\">                <div class=\"bwg-item0 \">          <div class=\"bwg-item1 bwg-zoom-effect\">            <div class=\"bwg-item2\">              <img decoding=\"async\" class=\"skip-lazy bwg_standart_thumb_img_0 \"                   data-id=\"244\"                   data-width=\"244\"                   data-height=\"500\"                   data-src=\"http:\/\/maaru.fr\/wp-content\/uploads\/photo-gallery\/thumb\/VAL_plan_web_3.jpg?bwg=1579020528\"                   src=\"http:\/\/maaru.fr\/wp-content\/uploads\/photo-gallery\/thumb\/VAL_plan_web_3.jpg?bwg=1579020528\"                   alt=\"\"                   title=\"\" \/>            <\/div>            <div class=\"bwg-zoom-effect-overlay\">              <div class=\"bwg-title1\"><div class=\"bwg-title2\">&nbsp;<\/div><\/div>                                        <\/div>          <\/div>        <\/div>                        <\/a>              <\/div>          <\/div>    <style>      \/*pagination styles*\/      #bwg_container1_0 #bwg_container2_0 .tablenav-pages_0 {\t\t\t\ttext-align: center;\t\t\t\tfont-size: 12px;\t\t\t\tfont-family: Ubuntu;\t\t\t\tfont-weight: bold;\t\t\t\tcolor: #666666;\t\t\t\tmargin: 6px 0 4px;\t\t\t\tdisplay: block;      }      @media only screen and (max-width : 320px) {      #bwg_container1_0 #bwg_container2_0 .displaying-num_0 {     \t display: none;      }      }      #bwg_container1_0 #bwg_container2_0 .displaying-num_0 {\t\t\t\tfont-size: 12px;\t\t\t\tfont-family: Ubuntu;\t\t\t\tfont-weight: bold;\t\t\t\tcolor: #666666;\t\t\t\tmargin-right: 10px;\t\t\t\tvertical-align: middle;      }      #bwg_container1_0 #bwg_container2_0 .paging-input_0 {\t\t\t\tfont-size: 12px;\t\t\t\tfont-family: Ubuntu;\t\t\t\tfont-weight: bold;\t\t\t\tcolor: #666666;\t\t\t\tvertical-align: middle;      }      #bwg_container1_0 #bwg_container2_0 .tablenav-pages_0 a.disabled,      #bwg_container1_0 #bwg_container2_0 .tablenav-pages_0 a.disabled:hover,      #bwg_container1_0 #bwg_container2_0 .tablenav-pages_0 a.disabled:focus,\t\t\t#bwg_container1_0 #bwg_container2_0 .tablenav-pages_0 input.bwg_current_page {\t\t\t\tcursor: default;\t\t\t\tcolor: rgba(102, 102, 102, 0.5);      }      #bwg_container1_0 #bwg_container2_0 .tablenav-pages_0 a,      #bwg_container1_0 #bwg_container2_0 .tablenav-pages_0 input.bwg_current_page {\t\t\t\tcursor: pointer;\t\t\t\ttext-align: center;\t\t\t\tfont-size: 12px;\t\t\t\tfont-family: Ubuntu;\t\t\t\tfont-weight: bold;\t\t\t\tcolor: #666666;\t\t\t\ttext-decoration: none;\t\t\t\tpadding: 3px 6px;\t\t\t\tmargin: 0;\t\t\t\tborder-radius: 0;\t\t\t\tborder-style: solid;\t\t\t\tborder-width: 1px;\t\t\t\tborder-color: #E3E3E3;\t\t\t\t\t\t\t\tbackground-color: rgba(255, 255, 255, 1.00);\t\t\t\tbox-shadow: 0;\t\t\t\ttransition: all 0.3s ease 0s;-webkit-transition: all 0.3s ease 0s;      }      <\/style>      <span class=\"bwg_nav_cont_0\">              <div class=\"tablenav-pages_0\">                  <\/div>                <input type=\"hidden\" id=\"page_number_0\" name=\"page_number_0\" value=\"1\" \/>      <script type=\"text\/javascript\">        if( jQuery('.bwg_nav_cont_0').length > 1 ) {          jQuery('.bwg_nav_cont_0').first().remove()        }        function spider_page_0(cur, x, y, load_more) {          if (typeof load_more == \"undefined\") {            var load_more = false;          }          if (jQuery(cur).hasClass('disabled')) {            return false;          }          var items_county_0 = 1;          switch (y) {            case 1:              if (x >= items_county_0) {                document.getElementById('page_number_0').value = items_county_0;              }              else {                document.getElementById('page_number_0').value = x + 1;              }              break;            case 2:              document.getElementById('page_number_0').value = items_county_0;              break;            case -1:              if (x == 1) {                document.getElementById('page_number_0').value = 1;              }              else {                document.getElementById('page_number_0').value = x - 1;              }              break;            case -2:              document.getElementById('page_number_0').value = 1;              break;\t\t\t\t\t\tcase 0:              document.getElementById('page_number_0').value = x;              break;            default:              document.getElementById('page_number_0').value = 1;          }          bwg_ajax('gal_front_form_0', '0', 'bwg_thumbnails_0', '0', '', 'gallery', 0, '', '', load_more, '', 1);        }                    jQuery('.first-page-0').on('click', function () {              spider_page_0(this, 1, -2, 'numeric');              return false;            });            jQuery('.prev-page-0').on('click', function () {              spider_page_0(this, 1, -1, 'numeric');              return false;            });            jQuery('.next-page-0').on('click', function () {              spider_page_0(this, 1, 1, 'numeric');              return false;            });            jQuery('.last-page-0').on('click', function () {              spider_page_0(this, 1, 2, 'numeric');              return false;            });        \t\t\t\t\/* Change page on input enter. *\/        function bwg_change_page_0( e, that ) {          if (  e.key == 'Enter' ) {            var to_page = parseInt(jQuery(that).val());            var pages_count = jQuery(that).parents(\".pagination-links\").data(\"pages-count\");            var current_url_param = jQuery(that).attr('data-url-info');            if (to_page > pages_count) {              to_page = 1;            }\t \t\t\t\t\t\t\t\t\t\t\t\tspider_page_0(this, to_page, 0, 'numeric');\t\t\t\t\t\t\treturn false;\t\t\t\t\t\t          }          return true;        }        jQuery('.bwg_load_btn_0').on('click', function () {            spider_page_0(this, 1, 1, true);            return false;        });      <\/script>      <\/span>                <\/div>        <\/form>        <style>          #bwg_container1_0 #bwg_container2_0 #spider_popup_overlay_0 {          background-color: #EEEEEE;          opacity: 0.60;          }          <\/style>        <div id=\"bwg_spider_popup_loading_0\" class=\"bwg_spider_popup_loading\"><\/div>        <div id=\"spider_popup_overlay_0\" class=\"spider_popup_overlay\" onclick=\"spider_destroypopup(1000)\"><\/div>        <input type=\"hidden\" id=\"bwg_random_seed_0\" value=\"1267705688\">                <\/div>    <\/div>    <script>      if (document.readyState === 'complete') {        if( typeof bwg_main_ready == 'function' ) {          if ( jQuery(\"#bwg_container1_0\").height() ) {            bwg_main_ready(jQuery(\"#bwg_container1_0\"));          }        }      } else {        document.addEventListener('DOMContentLoaded', function() {          if( typeof bwg_main_ready == 'function' ) {            if ( jQuery(\"#bwg_container1_0\").height() ) {             bwg_main_ready(jQuery(\"#bwg_container1_0\"));            }          }        });      }    <\/script>    <\/h5>\n<h5><strong>Am\u00e9nagement des espaces publics du centre ville de Valenciennes [59]<\/strong><\/h5>\n<p>Ville de Valenciennes &#8230;<em>ma\u00eetre d\u2019ouvrage<\/em><\/p>\n<p>Andrzej Michalski<em> &#8230;chef de projet<br \/><\/em>Pierre Gangnet<em> &#8230;architecte mandataire<\/em><br \/>Empreinte<em> &#8230;paysagiste<\/em><br \/>OTH Nord &#8230;<em>BET<\/em><\/p>\n<p>58 600 m\u00b2 <em>&#8230;superficie<\/em><br \/>1 1 000 000 \u20ac HT .<em>..montant des travaux<\/em><\/p>\n<p>2003-2007 <em>&#8230;projet et r\u00e9alisati<\/em>on<\/p>\n<p><strong>Le contexte<\/strong> <br \/>Ce projet fait partie d\u2019un ensemble d\u2019actions entreprises par la Ville de Valenciennes pour revaloriser son centre ville. Il a vu le jour parall\u00e8lement \u00e0 l\u2019arriv\u00e9e du tramway, d\u2019un centre commercial au c\u0153ur de la ville, de la r\u00e9novation des boulevards et de la place d\u2019Armes.<br \/>L\u2019ensemble des espaces trait\u00e9s ici ont par ailleurs \u00e9t\u00e9 am\u00e9nag\u00e9s en zone 30 \u00e0 l\u2019occasion de travaux de r\u00e9novation.<\/p>\n<p><strong>Le projet et son site<\/strong><br \/>Le projet prend place dans deux contextes urbains diff\u00e9rents, celui de la ville aux trac\u00e9s m\u00e9di\u00e9vaux, et celui de la ville reconstruite apr\u00e8s guerre.<br \/>Les sols des parties les plus anciennes ont \u00e9t\u00e9 trait\u00e9s en pierre naturelle, tandis que les rues et places plus r\u00e9centes ont fait l\u2019objet d\u2019am\u00e9nagements faisant la part belle au pav\u00e9 de b\u00e9ton.<br \/>Au sein des am\u00e9nagements, on notera des lieux \u00ab sp\u00e9cifiques \u00bb : la r\u00e9novation du square Saint-G\u00e9ry, plant\u00e9 de grands arbres anciens, l\u2019am\u00e9nagement du square Billet et du square Crasseau, o\u00f9 ont pris place des fontaines.<\/p>\n<p>\u00a0<\/p>\n\n\n<p><\/p>\n","protected":false},"excerpt":{"rendered":"<p>Am\u00e9nagement des espaces publics du centre ville de Valenciennes [59] Ville de Valenciennes &#8230;ma\u00eetre d\u2019ouvrage&#8230;<\/p>\n","protected":false},"author":1,"featured_media":0,"parent":0,"menu_order":0,"comment_status":"closed","ping_status":"closed","template":"","meta":{"footnotes":""},"class_list":["post-387","page","type-page","status-publish","hentry"],"_links":{"self":[{"href":"http:\/\/maaru.fr\/index.php?rest_route=\/wp\/v2\/pages\/387","targetHints":{"allow":["GET"]}}],"collection":[{"href":"http:\/\/maaru.fr\/index.php?rest_route=\/wp\/v2\/pages"}],"about":[{"href":"http:\/\/maaru.fr\/index.php?rest_route=\/wp\/v2\/types\/page"}],"author":[{"embeddable":true,"href":"http:\/\/maaru.fr\/index.php?rest_route=\/wp\/v2\/users\/1"}],"replies":[{"embeddable":true,"href":"http:\/\/maaru.fr\/index.php?rest_route=%2Fwp%2Fv2%2Fcomments&post=387"}],"version-history":[{"count":7,"href":"http:\/\/maaru.fr\/index.php?rest_route=\/wp\/v2\/pages\/387\/revisions"}],"predecessor-version":[{"id":1277,"href":"http:\/\/maaru.fr\/index.php?rest_route=\/wp\/v2\/pages\/387\/revisions\/1277"}],"wp:attachment":[{"href":"http:\/\/maaru.fr\/index.php?rest_route=%2Fwp%2Fv2%2Fmedia&parent=387"}],"curies":[{"name":"wp","href":"https:\/\/api.w.org\/{rel}","templated":true}]}}